{"id":11963,"date":"2025-03-10T14:27:59","date_gmt":"2025-03-10T14:27:59","guid":{"rendered":"https:\/\/inacquaveritas.com\/?post_type=product&#038;p=11963"},"modified":"2026-04-24T10:06:31","modified_gmt":"2026-04-24T09:06:31","slug":"circuit-des-bains-romains","status":"publish","type":"product","link":"https:\/\/inacquaveritas.com\/fr\/produto\/banhos-romanos-circuito\/","title":{"rendered":"BAINS ROMAINS"},"content":{"rendered":"<p><strong>Comprend :<\/strong> ENTR\u00c9E DANS LA SALLE DE BAIN<\/p>\n<p>Revitalisez votre corps et votre esprit gr\u00e2ce \u00e0 notre circuit exclusif des bains romains. Dans cette exp\u00e9rience unique, vous aurez acc\u00e8s \u00e0 une salle de bain immersive et relaxante o\u00f9 le temps semble s'\u00e9couler \u00e0 l'envers. Le circuit se compose de trois bassins \u00e0 diff\u00e9rentes temp\u00e9ratures, inspir\u00e9s des anciens rituels romains, pour un traitement profond et revitalisant.<\/p>\n<p>Commencer dans <strong>Tepidarium<\/strong>, avec une temp\u00e9rature douce de <strong>32\u00baC<\/strong>. Cette piscine aux eaux relaxantes est compl\u00e9t\u00e9e par des jets de massage hydromassant dirig\u00e9s vers diff\u00e9rentes parties du corps, aidant \u00e0 soulager les tensions et \u00e0 procurer une relaxation compl\u00e8te.<\/p>\n<p>Ensuite, profitez du <strong>Caldarium<\/strong>, chauff\u00e9 \u00e0 <strong>40\u00baC<\/strong>, qui favorise la vasodilatation et ouvre les pores de la peau, procurant une sensation de l\u00e9g\u00e8ret\u00e9 et de bien-\u00eatre. Ici, une source soigneusement positionn\u00e9e pour la zone des \u00e9paules, cervicale et du dos intensifie la relaxation et soulage la fatigue accumul\u00e9e dans ces zones.<\/p>\n<p>Pour compl\u00e9ter le circuit, le <strong>Frigidarium<\/strong>, avec une eau revigorante de <strong>19\u00baC<\/strong>, stimule la circulation sanguine et procure un effet \u00e9nergisant imm\u00e9diat. Cette \u00e9tape est \u00e9galement particuli\u00e8rement b\u00e9n\u00e9fique pour la sant\u00e9 du cuir chevelu, le revitalisant ainsi.<\/p>","protected":false},"excerpt":{"rendered":"<p><strong>Bains Romains \u00e0 \u00c9vora \u2014 exp\u00e9rience exclusive de bien-\u00eatre \u00e0 In Acqua Veritas.<\/strong><\/p>\n<p>Profitez d'un circuit thermal inspir\u00e9 des rituels de la Rome antique, avec acc\u00e8s \u00e0 la salle de bains compos\u00e9e de trois piscines \u00e0 diff\u00e9rentes temp\u00e9ratures : <strong>T\u00e9pidarium (32\u00baC)<\/strong>, <strong>Caldarium (40\u00baC)<\/strong> e <strong>Frigidarium (19\u00baC)<\/strong>.<\/p>\n<p>Une exp\u00e9rience con\u00e7ue pour se d\u00e9tendre, se revitaliser et offrir un moment unique d'\u00e9quilibre entre le corps et l'esprit, dans un cadre intime et enti\u00e8rement exclusif.<\/p>","protected":false},"featured_media":11578,"comment_status":"closed","ping_status":"closed","template":"","meta":{"_acf_changed":false},"product_brand":[],"product_cat":[114],"product_tag":[],"class_list":{"0":"post-11963","1":"product","2":"type-product","3":"status-publish","4":"has-post-thumbnail","6":"product_cat-banhos-romanos","8":"first","9":"instock","10":"virtual","11":"taxable","12":"purchasable","13":"product-type-simple"},"acf":[],"_links":{"self":[{"href":"https:\/\/inacquaveritas.com\/fr\/wp-json\/wp\/v2\/product\/11963","targetHints":{"allow":["GET"]}}],"collection":[{"href":"https:\/\/inacquaveritas.com\/fr\/wp-json\/wp\/v2\/product"}],"about":[{"href":"https:\/\/inacquaveritas.com\/fr\/wp-json\/wp\/v2\/types\/product"}],"replies":[{"embeddable":true,"href":"https:\/\/inacquaveritas.com\/fr\/wp-json\/wp\/v2\/comments?post=11963"}],"version-history":[{"count":4,"href":"https:\/\/inacquaveritas.com\/fr\/wp-json\/wp\/v2\/product\/11963\/revisions"}],"predecessor-version":[{"id":12544,"href":"https:\/\/inacquaveritas.com\/fr\/wp-json\/wp\/v2\/product\/11963\/revisions\/12544"}],"wp:featuredmedia":[{"embeddable":true,"href":"https:\/\/inacquaveritas.com\/fr\/wp-json\/wp\/v2\/media\/11578"}],"wp:attachment":[{"href":"https:\/\/inacquaveritas.com\/fr\/wp-json\/wp\/v2\/media?parent=11963"}],"wp:term":[{"taxonomy":"product_brand","embeddable":true,"href":"https:\/\/inacquaveritas.com\/fr\/wp-json\/wp\/v2\/product_brand?post=11963"},{"taxonomy":"product_cat","embeddable":true,"href":"https:\/\/inacquaveritas.com\/fr\/wp-json\/wp\/v2\/product_cat?post=11963"},{"taxonomy":"product_tag","embeddable":true,"href":"https:\/\/inacquaveritas.com\/fr\/wp-json\/wp\/v2\/product_tag?post=11963"}],"curies":[{"name":"wp","href":"https:\/\/api.w.org\/{rel}","templated":true}]}}