{"id":11961,"date":"2025-03-10T14:22:55","date_gmt":"2025-03-10T14:22:55","guid":{"rendered":"https:\/\/inacquaveritas.com\/?post_type=product&#038;p=11961"},"modified":"2026-04-24T10:18:51","modified_gmt":"2026-04-24T09:18:51","slug":"commodus-et-bacchus","status":"publish","type":"product","link":"https:\/\/inacquaveritas.com\/fr\/produto\/commodus-et-bacchus\/","title":{"rendered":"COMMODUS ET BACCHUS"},"content":{"rendered":"<p><strong>Comprend :<\/strong> ACC\u00c8S AU SALON DE BAIN + D\u00c9GUSTATION + MASSAGE RELAXANT 60'<\/p>\n<p>Appr\u00e9ciez un v\u00e9ritable rituel de <strong>d\u00e9tente et plaisir<\/strong> avec l'exp\u00e9rience <strong>Commodus et Bacchus<\/strong>, que l'une des meilleures de nos traitements. Cette exp\u00e9rience comprend <strong>acc\u00e8s \u00e0 la salle de bains romaine<\/strong>, une <strong>massage de relaxation de 60 minutes<\/strong> et une <strong>d\u00e9gustation avec produits r\u00e9gionaux<\/strong>,  , permettant de vivre un moment complet de bien-\u00eatre.<\/p>\n<p>Commencez votre parcours en <strong>salle de bain<\/strong>, l\u00e0 o\u00f9 le <strong>circuit de piscines \u00e0 diff\u00e9rentes temp\u00e9ratures<\/strong> pr\u00e9parez-vous pour une exp\u00e9rience de relaxation profonde. Ensuite, profitez d'un <strong>massage effectu\u00e9 par des th\u00e9rapeutes sp\u00e9cialis\u00e9s<\/strong>, qui aidera \u00e0 soulager les tensions et \u00e0 renouveler le corps et l'esprit.<\/p>\n<p>Pour compl\u00e9ter, d\u00e9lectez-vous d'une <strong>s\u00e9lection de saveurs authentiques de la r\u00e9gion<\/strong>, num\u00e9ro <strong>ambiance unique avec vue sur les piscines<\/strong>, qui invite au plaisir et \u00e0 la contemplation.<\/p>\n<p>L'exp\u00e9rience <strong>Commodus et Bacchus<\/strong> est-ce l'invitation id\u00e9ale pour ceux qui recherchent <strong>relaxation absolue<\/strong> et une <strong>exp\u00e9rience sensorielle m\u00e9morable<\/strong>.<\/p>","protected":false},"excerpt":{"rendered":"<p><strong>Exp\u00e9rience de spa \u00e0 \u00c9vora avec bains romains, massage relaxant et d\u00e9gustation r\u00e9gionale.<\/strong><\/p>\n<p>O <strong>Commodus et Bacchus<\/strong> Combinez le circuit des thermes romains avec un massage de 60 minutes et une s\u00e9lection de saveurs authentiques, offrant un moment complet de bien-\u00eatre, de relaxation et de plaisir sensoriel.<\/p>\n<p>Une exp\u00e9rience exclusive \u00e0 In Acqua Veritas, id\u00e9ale \u00e0 offrir ou pour profiter d'un moment de qualit\u00e9 dans un environnement unique au c\u0153ur du centre historique d'\u00c9vora.<\/p>","protected":false},"featured_media":11601,"comment_status":"closed","ping_status":"closed","template":"","meta":{"_acf_changed":false},"product_brand":[],"product_cat":[114,142,141],"product_tag":[],"class_list":{"0":"post-11961","1":"product","2":"type-product","3":"status-publish","4":"has-post-thumbnail","6":"product_cat-banhos-romanos","7":"product_cat-degustacao","8":"product_cat-massagem","10":"first","11":"instock","12":"virtual","13":"taxable","14":"purchasable","15":"product-type-simple"},"acf":[],"_links":{"self":[{"href":"https:\/\/inacquaveritas.com\/fr\/wp-json\/wp\/v2\/product\/11961","targetHints":{"allow":["GET"]}}],"collection":[{"href":"https:\/\/inacquaveritas.com\/fr\/wp-json\/wp\/v2\/product"}],"about":[{"href":"https:\/\/inacquaveritas.com\/fr\/wp-json\/wp\/v2\/types\/product"}],"replies":[{"embeddable":true,"href":"https:\/\/inacquaveritas.com\/fr\/wp-json\/wp\/v2\/comments?post=11961"}],"version-history":[{"count":5,"href":"https:\/\/inacquaveritas.com\/fr\/wp-json\/wp\/v2\/product\/11961\/revisions"}],"predecessor-version":[{"id":13969,"href":"https:\/\/inacquaveritas.com\/fr\/wp-json\/wp\/v2\/product\/11961\/revisions\/13969"}],"wp:featuredmedia":[{"embeddable":true,"href":"https:\/\/inacquaveritas.com\/fr\/wp-json\/wp\/v2\/media\/11601"}],"wp:attachment":[{"href":"https:\/\/inacquaveritas.com\/fr\/wp-json\/wp\/v2\/media?parent=11961"}],"wp:term":[{"taxonomy":"product_brand","embeddable":true,"href":"https:\/\/inacquaveritas.com\/fr\/wp-json\/wp\/v2\/product_brand?post=11961"},{"taxonomy":"product_cat","embeddable":true,"href":"https:\/\/inacquaveritas.com\/fr\/wp-json\/wp\/v2\/product_cat?post=11961"},{"taxonomy":"product_tag","embeddable":true,"href":"https:\/\/inacquaveritas.com\/fr\/wp-json\/wp\/v2\/product_tag?post=11961"}],"curies":[{"name":"wp","href":"https:\/\/api.w.org\/{rel}","templated":true}]}}