{"id":11959,"date":"2025-03-10T14:19:50","date_gmt":"2025-03-10T14:19:50","guid":{"rendered":"https:\/\/inacquaveritas.com\/?post_type=product&#038;p=11959"},"modified":"2026-04-24T10:22:57","modified_gmt":"2026-04-24T09:22:57","slug":"commodus-maximus-entree-bains-romains-massage","status":"publish","type":"product","link":"https:\/\/inacquaveritas.com\/fr\/produto\/commodus-maximus-entrada-banhos-romanos-massagem\/","title":{"rendered":"COMMODUS MAXIMUS"},"content":{"rendered":"<p><strong>Comprend :<\/strong> ACC\u00c8S AU SALON DE BAIN + MASSAGE DE RELAXATION 90'<\/p>\n<p>D\u00e9couvrez le summum du <strong>Relaxation<\/strong> avec l'exp\u00e9rience <strong>Commodus Maximus<\/strong>, un chemin vers le bien-\u00eatre qui inclut <strong>acc\u00e8s \u00e0 la salle de bains romaine<\/strong> et une <strong>massage prolong\u00e9 de 90 minutes<\/strong>, con\u00e7ue pour procurer un \u00e9tat de tranquillit\u00e9 totale.<\/p>\n<p>Commencez l'exp\u00e9rience \u00e0 <strong>Circuit des thermes romains<\/strong>, o\u00f9 l'\u00e9quilibre des temp\u00e9ratures des piscines pr\u00e9pare le corps \u00e0 une immersion compl\u00e8te de d\u00e9tente. Ensuite, abandonnez-vous \u00e0 <strong>massage intensif de 90 minutes<\/strong>, qui combine des techniques profondes et relaxantes, soigneusement appliqu\u00e9es pour <strong>soulager tensions accumul\u00e9es<\/strong>, <strong>stimuler la circulation<\/strong> de renouveler votre \u00e9nergie.<\/p>\n<p>L'exp\u00e9rience <strong>Commodus Maximus<\/strong> est id\u00e9al pour ceux qui souhaitent un <strong>traitement r\u00e9g\u00e9n\u00e9rateur et prolong\u00e9<\/strong>, avec un effet durable sur le bien-\u00eatre du corps et de l'esprit. Une exp\u00e9rience <strong>exclusive et restauratrice<\/strong>, ce qui vous fera \u00e9merger renouvel\u00e9 et revitalis\u00e9.<\/p>","protected":false},"excerpt":{"rendered":"<p><strong>Exp\u00e9rience de spa \u00e0 \u00c9vora avec bains romains et massage relaxant de 90 minutes.<\/strong><\/p>\n<p>O <strong>Commodus Maximus<\/strong> combine l'acc\u00e8s \u00e0 <strong>Circuit des thermes romains<\/strong> avec une <strong>massage prolong\u00e9 de 90 minutes<\/strong>, procurant une relaxation profonde, un bien-\u00eatre et un renouveau du corps et de l'esprit.<\/p>\n<p>Une exp\u00e9rience exclusive au <strong>In Acqua Veritas<\/strong>, id\u00e9al pour offrir ou profiter d'un soin r\u00e9g\u00e9n\u00e9rateur dans le centre historique d'\u00c9vora.<\/p>","protected":false},"featured_media":11592,"comment_status":"closed","ping_status":"closed","template":"","meta":{"_acf_changed":false},"product_brand":[],"product_cat":[114,141],"product_tag":[],"class_list":{"0":"post-11959","1":"product","2":"type-product","3":"status-publish","4":"has-post-thumbnail","6":"product_cat-banhos-romanos","7":"product_cat-massagem","9":"first","10":"instock","11":"virtual","12":"taxable","13":"purchasable","14":"product-type-simple"},"acf":[],"_links":{"self":[{"href":"https:\/\/inacquaveritas.com\/fr\/wp-json\/wp\/v2\/product\/11959","targetHints":{"allow":["GET"]}}],"collection":[{"href":"https:\/\/inacquaveritas.com\/fr\/wp-json\/wp\/v2\/product"}],"about":[{"href":"https:\/\/inacquaveritas.com\/fr\/wp-json\/wp\/v2\/types\/product"}],"replies":[{"embeddable":true,"href":"https:\/\/inacquaveritas.com\/fr\/wp-json\/wp\/v2\/comments?post=11959"}],"version-history":[{"count":5,"href":"https:\/\/inacquaveritas.com\/fr\/wp-json\/wp\/v2\/product\/11959\/revisions"}],"predecessor-version":[{"id":13970,"href":"https:\/\/inacquaveritas.com\/fr\/wp-json\/wp\/v2\/product\/11959\/revisions\/13970"}],"wp:featuredmedia":[{"embeddable":true,"href":"https:\/\/inacquaveritas.com\/fr\/wp-json\/wp\/v2\/media\/11592"}],"wp:attachment":[{"href":"https:\/\/inacquaveritas.com\/fr\/wp-json\/wp\/v2\/media?parent=11959"}],"wp:term":[{"taxonomy":"product_brand","embeddable":true,"href":"https:\/\/inacquaveritas.com\/fr\/wp-json\/wp\/v2\/product_brand?post=11959"},{"taxonomy":"product_cat","embeddable":true,"href":"https:\/\/inacquaveritas.com\/fr\/wp-json\/wp\/v2\/product_cat?post=11959"},{"taxonomy":"product_tag","embeddable":true,"href":"https:\/\/inacquaveritas.com\/fr\/wp-json\/wp\/v2\/product_tag?post=11959"}],"curies":[{"name":"wp","href":"https:\/\/api.w.org\/{rel}","templated":true}]}}