{"id":11953,"date":"2025-03-10T12:48:09","date_gmt":"2025-03-10T12:48:09","guid":{"rendered":"https:\/\/inacquaveritas.com\/?post_type=product&#038;p=11953"},"modified":"2026-04-24T10:27:25","modified_gmt":"2026-04-24T09:27:25","slug":"entree-venus-salle-de-bain-massage-exfoliation","status":"publish","type":"product","link":"https:\/\/inacquaveritas.com\/fr\/produto\/venus-entrada-sala-banhos-massagem-esfoliacao\/","title":{"rendered":"VENUS"},"content":{"rendered":"<p><strong>Comprend :<\/strong> ENTR\u00c9E DANS LA SALLE DE BAIN + MASSAGE EXFOLIANT 60\u2032<\/p>\n<p>D\u00e9couvrez l'essence de <strong>beaut\u00e9 et de la relaxation<\/strong> avec l'exp\u00e9rience <strong>V\u00e9nus<\/strong>, ce qui combine l'acc\u00e8s \u00e0 notre <strong>salle de bains romaine<\/strong> avec une <strong>massage exfoliant de 60 minutes<\/strong>. Ce traitement a \u00e9t\u00e9 soigneusement con\u00e7u afin de <strong>r\u00e9nover la peau<\/strong>, soulager les tensions et procurer une sensation de bien-\u00eatre total.<\/p>\n<p>Commencez l'exp\u00e9rience \u00e0 <strong>salle de bain<\/strong>, l\u00e0 o\u00f9 le <strong>circuit de piscines \u00e0 diff\u00e9rentes temp\u00e9ratures<\/strong> pr\u00e9pare le corps pour une immersion profonde dans la relaxation. Les eaux th\u00e9rapeutiques aident \u00e0 <strong>D\u00e9toxifier et hydrater la peau<\/strong>, cr\u00e9ant le sc\u00e9nario parfait pour le massage exfoliant.<\/p>\n<p>Pendant la <strong>massage de 60 minutes<\/strong>, nos th\u00e9rapeutes sp\u00e9cialis\u00e9s utilisent <strong>techniques de gommage<\/strong> qui \u00e9liminent les cellules mortes, stimulent la circulation sanguine et favorisent le renouvellement cellulaire. Ce processus revitalise la peau, la laissant <strong>doux et lumineux<\/strong>, et soulage les tensions musculaires, procurant une sensation de l\u00e9g\u00e8ret\u00e9 et de rajeunissement.<\/p>\n<p>L'exp\u00e9rience <strong>V\u00e9nus<\/strong> il est id\u00e9al pour ceux qui souhaitent prendre soin de leur peau tout en profitant de moments de <strong>tranquillit\u00e9 et revitalisation<\/strong>. Permettez-vous ce rituel de beaut\u00e9 et de bien-\u00eatre, o\u00f9 chaque d\u00e9tail est pens\u00e9 pour harmoniser le corps et l'esprit, vous laissant ainsi renouvel\u00e9 et rayonnant.<\/p>","protected":false},"excerpt":{"rendered":"<p><strong>Exp\u00e9rience de spa \u00e0 \u00c9vora avec bains romains et massage exfoliant de 60 minutes.<\/strong><\/p>\n<p>L'exp\u00e9rience <strong>V\u00e9nus<\/strong> combine l'acc\u00e8s \u00e0 <strong>Circuit des thermes romains<\/strong> avec une <strong>massage exfoliant<\/strong>, con\u00e7ue pour renouveler la peau, soulager les tensions et procurer un bien-\u00eatre complet.<\/p>\n<p>Un rituel exclusif dans <strong>In Acqua Veritas<\/strong>, id\u00e9al pour offrir ou profiter d'un moment de beaut\u00e9, de d\u00e9tente et de revitalisation dans le centre historique de \u00c9vora.<\/p>","protected":false},"featured_media":11590,"comment_status":"closed","ping_status":"closed","template":"","meta":{"_acf_changed":false},"product_brand":[],"product_cat":[114,143],"product_tag":[],"class_list":{"0":"post-11953","1":"product","2":"type-product","3":"status-publish","4":"has-post-thumbnail","6":"product_cat-banhos-romanos","7":"product_cat-massagem-esfoliacao","9":"first","10":"instock","11":"virtual","12":"taxable","13":"purchasable","14":"product-type-simple"},"acf":[],"_links":{"self":[{"href":"https:\/\/inacquaveritas.com\/fr\/wp-json\/wp\/v2\/product\/11953","targetHints":{"allow":["GET"]}}],"collection":[{"href":"https:\/\/inacquaveritas.com\/fr\/wp-json\/wp\/v2\/product"}],"about":[{"href":"https:\/\/inacquaveritas.com\/fr\/wp-json\/wp\/v2\/types\/product"}],"replies":[{"embeddable":true,"href":"https:\/\/inacquaveritas.com\/fr\/wp-json\/wp\/v2\/comments?post=11953"}],"version-history":[{"count":4,"href":"https:\/\/inacquaveritas.com\/fr\/wp-json\/wp\/v2\/product\/11953\/revisions"}],"predecessor-version":[{"id":13972,"href":"https:\/\/inacquaveritas.com\/fr\/wp-json\/wp\/v2\/product\/11953\/revisions\/13972"}],"wp:featuredmedia":[{"embeddable":true,"href":"https:\/\/inacquaveritas.com\/fr\/wp-json\/wp\/v2\/media\/11590"}],"wp:attachment":[{"href":"https:\/\/inacquaveritas.com\/fr\/wp-json\/wp\/v2\/media?parent=11953"}],"wp:term":[{"taxonomy":"product_brand","embeddable":true,"href":"https:\/\/inacquaveritas.com\/fr\/wp-json\/wp\/v2\/product_brand?post=11953"},{"taxonomy":"product_cat","embeddable":true,"href":"https:\/\/inacquaveritas.com\/fr\/wp-json\/wp\/v2\/product_cat?post=11953"},{"taxonomy":"product_tag","embeddable":true,"href":"https:\/\/inacquaveritas.com\/fr\/wp-json\/wp\/v2\/product_tag?post=11953"}],"curies":[{"name":"wp","href":"https:\/\/api.w.org\/{rel}","templated":true}]}}