{"id":11950,"date":"2025-03-10T12:43:11","date_gmt":"2025-03-10T12:43:11","guid":{"rendered":"https:\/\/inacquaveritas.com\/?post_type=product&#038;p=11950"},"modified":"2026-04-24T10:30:30","modified_gmt":"2026-04-24T09:30:30","slug":"volcanus-maximus-et-bacchus","status":"publish","type":"product","link":"https:\/\/inacquaveritas.com\/fr\/produto\/vulcanus-maximus-et-bacchus\/","title":{"rendered":"VULCANUS MAXIMUS ET BACCHUS"},"content":{"rendered":"<p><strong>Comprend :<\/strong> ACC\u00c8S AU SALON DE BAIN + D\u00c9GUSTATION + MASSAGE AUX PIERRES CHAUDES 90 MINUTES<\/p>\n<p>Permettez-vous une <strong>exp\u00e9rience v\u00e9ritablement transformatrice<\/strong> avec <strong>Vulcanus Maximus et Bacchus<\/strong>, un rituel complet de relaxation et de plaisir qui associe <strong>acc\u00e8s \u00e0 la salle de bains romaine<\/strong>, une <strong>Massage aux pierres chaudes de 90 minutes<\/strong> et une <strong>d\u00e9gustation exclusive avec des produits r\u00e9gionaux<\/strong>.<\/p>\n<p>Commencez cette exp\u00e9rience au <strong>Circuit des thermes romains<\/strong>, o\u00f9 les eaux \u00e0 diff\u00e9rentes temp\u00e9ratures d\u00e9tendent le corps, pr\u00e9parent les muscles et am\u00e9liorent la circulation, cr\u00e9ant ainsi les conditions id\u00e9ales pour un traitement en profondeur. Ensuite, abandonnez-vous \u00e0 une <strong>massage avec pierres volcaniques chauff\u00e9es pendant 90 minutes<\/strong>, con\u00e7ue pour soulager les tensions persistantes, \u00e9quilibrer le flux d'\u00e9nergie et procurer une relaxation durable.<\/p>\n<p>Pour compl\u00e9ter ceci <strong>exp\u00e9rience sensorielle<\/strong>, profitez d'une s\u00e9lection de <strong>saveurs r\u00e9gionales<\/strong> avec une d\u00e9gustation qui \u00e9l\u00e8ve le moment, combinant le plaisir de la bonne gastronomie avec le d\u00e9cor paisible des piscines.<\/p>\n<p>O <strong>Vulcanus Maximus et Bacchus<\/strong> est le traitement parfait pour ceux qui recherchent le summum du bien-\u00eatre, alliant le <strong>chaleur th\u00e9rapeutique des pierres<\/strong>, o <strong>d\u00e9tente des eaux<\/strong> et le plaisir des saveurs locales, pour un moment inoubliable de total rajeunissement.<\/p>","protected":false},"excerpt":{"rendered":"<p><strong>Exp\u00e9rience de spa \u00e0 \u00c9vora avec bains romains, d\u00e9gustation r\u00e9gionale et massage aux pierres chaudes de 90 minutes.<\/strong><\/p>\n<p>O <strong>Vulcanus Maximus et Bacchus<\/strong> combine l'acc\u00e8s \u00e0 <strong>Circuit des thermes romains<\/strong>, une <strong>massage aux pierres chaudes<\/strong> prolong\u00e9e et une <strong>d\u00e9gustation avec produits r\u00e9gionaux<\/strong>, procurant une relaxation profonde et un plaisir sensoriel.<\/p>\n<p>Une exp\u00e9rience exclusive au <strong>In Acqua Veritas<\/strong>, id\u00e9al pour offrir ou profiter d'un rituel complet de bien-\u00eatre dans le centre historique d'\u00c9vora.<\/p>","protected":false},"featured_media":11591,"comment_status":"closed","ping_status":"closed","template":"","meta":{"_acf_changed":false},"product_brand":[],"product_cat":[114,142,226],"product_tag":[],"class_list":{"0":"post-11950","1":"product","2":"type-product","3":"status-publish","4":"has-post-thumbnail","6":"product_cat-banhos-romanos","7":"product_cat-degustacao","8":"product_cat-massagem-pedras-quentes","10":"first","11":"instock","12":"virtual","13":"taxable","14":"purchasable","15":"product-type-simple"},"acf":[],"_links":{"self":[{"href":"https:\/\/inacquaveritas.com\/fr\/wp-json\/wp\/v2\/product\/11950","targetHints":{"allow":["GET"]}}],"collection":[{"href":"https:\/\/inacquaveritas.com\/fr\/wp-json\/wp\/v2\/product"}],"about":[{"href":"https:\/\/inacquaveritas.com\/fr\/wp-json\/wp\/v2\/types\/product"}],"replies":[{"embeddable":true,"href":"https:\/\/inacquaveritas.com\/fr\/wp-json\/wp\/v2\/comments?post=11950"}],"version-history":[{"count":3,"href":"https:\/\/inacquaveritas.com\/fr\/wp-json\/wp\/v2\/product\/11950\/revisions"}],"predecessor-version":[{"id":13973,"href":"https:\/\/inacquaveritas.com\/fr\/wp-json\/wp\/v2\/product\/11950\/revisions\/13973"}],"wp:featuredmedia":[{"embeddable":true,"href":"https:\/\/inacquaveritas.com\/fr\/wp-json\/wp\/v2\/media\/11591"}],"wp:attachment":[{"href":"https:\/\/inacquaveritas.com\/fr\/wp-json\/wp\/v2\/media?parent=11950"}],"wp:term":[{"taxonomy":"product_brand","embeddable":true,"href":"https:\/\/inacquaveritas.com\/fr\/wp-json\/wp\/v2\/product_brand?post=11950"},{"taxonomy":"product_cat","embeddable":true,"href":"https:\/\/inacquaveritas.com\/fr\/wp-json\/wp\/v2\/product_cat?post=11950"},{"taxonomy":"product_tag","embeddable":true,"href":"https:\/\/inacquaveritas.com\/fr\/wp-json\/wp\/v2\/product_tag?post=11950"}],"curies":[{"name":"wp","href":"https:\/\/api.w.org\/{rel}","templated":true}]}}