{"id":11947,"date":"2025-03-10T12:36:16","date_gmt":"2025-03-10T12:36:16","guid":{"rendered":"https:\/\/inacquaveritas.com\/?post_type=product&#038;p=11947"},"modified":"2026-04-24T10:34:35","modified_gmt":"2026-04-24T09:34:35","slug":"vulcanus-et-bacchus","status":"publish","type":"product","link":"https:\/\/inacquaveritas.com\/fr\/produto\/vulcanus-et-bacchus\/","title":{"rendered":"VULCANUS ET BACCHUS"},"content":{"rendered":"<p><strong>Comprend :<\/strong> ENTR\u00c9E DANS LA SALLE DE BAIN + D\u00c9GUSTATION + MASSAGE AUX PIERRES CHAUDES 60\u2032<\/p>\n<p>Approfondissez un moment unique de <strong>d\u00e9tente et plaisir<\/strong> avec l'exp\u00e9rience <strong>Vulcanus et Bacchus<\/strong>, qui combine le meilleur de notre tradition thermale et sensorielle. Ce rituel comprend <strong>acc\u00e8s \u00e0 la salle de bains romaine<\/strong>, une <strong>massage de pierres chaudes de 60 minutes<\/strong> et une <strong>d\u00e9gustation avec produits r\u00e9gionaux<\/strong>.<\/p>\n<p>Commencez votre voyage de bien-\u00eatre au <strong>Circuit de piscines romaines<\/strong>, o\u00f9 des temp\u00e9ratures soigneusement \u00e9quilibr\u00e9es pr\u00e9parent le corps \u00e0 une relaxation compl\u00e8te. Ensuite, livrez-vous \u00e0 une <strong>massage aux pierres volcaniques chauff\u00e9es<\/strong>, con\u00e7ue pour soulager les tensions et renouveler le flux d'\u00e9nergie corporelle, apportant une sensation de profond soulagement et de s\u00e9r\u00e9nit\u00e9.<\/p>\n<p>Enfin, r\u00e9galez-vous d'une <strong>s\u00e9lection de saveurs r\u00e9gionales<\/strong> Pendant qu'il contemple la tranquillit\u00e9 des piscines, harmonisant les plaisirs du palais avec la relaxation physique.<\/p>\n<p><strong>Vulcanus et Bacchus<\/strong> C'est une exp\u00e9rience <strong>sensoriel et r\u00e9parateur<\/strong> pour ceux qui d\u00e9sirent une pause unique, o\u00f9 la chaleur, la saveur et le bien-\u00eatre ne font qu'un.<\/p>","protected":false},"excerpt":{"rendered":"<p><strong>Exp\u00e9rience de spa \u00e0 \u00c9vora avec bains romains, d\u00e9gustation r\u00e9gionale et massage aux pierres chaudes de 60 minutes.<\/strong><\/p>\n<p>O <strong>Vulcanus et Bacchus<\/strong> combine l'acc\u00e8s \u00e0 <strong>Circuit des thermes romains<\/strong>, une <strong>massage aux pierres chaudes<\/strong> et une <strong>d\u00e9gustation avec produits r\u00e9gionaux<\/strong>, procurant une relaxation, une s\u00e9r\u00e9nit\u00e9 et un plaisir sensoriel.<\/p>\n<p>Une exp\u00e9rience exclusive au <strong>In Acqua Veritas<\/strong>, id\u00e9al pour offrir ou s'offrir un rituel de bien-\u00eatre au c\u0153ur du centre historique d'\u00c9vora.<\/p>","protected":false},"featured_media":11563,"comment_status":"closed","ping_status":"closed","template":"","meta":{"_acf_changed":false},"product_brand":[],"product_cat":[114,142,226],"product_tag":[],"class_list":{"0":"post-11947","1":"product","2":"type-product","3":"status-publish","4":"has-post-thumbnail","6":"product_cat-banhos-romanos","7":"product_cat-degustacao","8":"product_cat-massagem-pedras-quentes","10":"first","11":"instock","12":"virtual","13":"taxable","14":"purchasable","15":"product-type-simple"},"acf":[],"_links":{"self":[{"href":"https:\/\/inacquaveritas.com\/fr\/wp-json\/wp\/v2\/product\/11947","targetHints":{"allow":["GET"]}}],"collection":[{"href":"https:\/\/inacquaveritas.com\/fr\/wp-json\/wp\/v2\/product"}],"about":[{"href":"https:\/\/inacquaveritas.com\/fr\/wp-json\/wp\/v2\/types\/product"}],"replies":[{"embeddable":true,"href":"https:\/\/inacquaveritas.com\/fr\/wp-json\/wp\/v2\/comments?post=11947"}],"version-history":[{"count":4,"href":"https:\/\/inacquaveritas.com\/fr\/wp-json\/wp\/v2\/product\/11947\/revisions"}],"predecessor-version":[{"id":13974,"href":"https:\/\/inacquaveritas.com\/fr\/wp-json\/wp\/v2\/product\/11947\/revisions\/13974"}],"wp:featuredmedia":[{"embeddable":true,"href":"https:\/\/inacquaveritas.com\/fr\/wp-json\/wp\/v2\/media\/11563"}],"wp:attachment":[{"href":"https:\/\/inacquaveritas.com\/fr\/wp-json\/wp\/v2\/media?parent=11947"}],"wp:term":[{"taxonomy":"product_brand","embeddable":true,"href":"https:\/\/inacquaveritas.com\/fr\/wp-json\/wp\/v2\/product_brand?post=11947"},{"taxonomy":"product_cat","embeddable":true,"href":"https:\/\/inacquaveritas.com\/fr\/wp-json\/wp\/v2\/product_cat?post=11947"},{"taxonomy":"product_tag","embeddable":true,"href":"https:\/\/inacquaveritas.com\/fr\/wp-json\/wp\/v2\/product_tag?post=11947"}],"curies":[{"name":"wp","href":"https:\/\/api.w.org\/{rel}","templated":true}]}}