{"id":11941,"date":"2025-03-10T12:14:04","date_gmt":"2025-03-10T12:14:04","guid":{"rendered":"https:\/\/inacquaveritas.com\/?post_type=product&#038;p=11941"},"modified":"2026-04-24T10:45:07","modified_gmt":"2026-04-24T09:45:07","slug":"vulcanus-maximus-salle-dentree-bains-de-massage-aux-pierres-chaudes","status":"publish","type":"product","link":"https:\/\/inacquaveritas.com\/fr\/produto\/vulcanus-maximus-entrada-sala-banhos-massagem-pedras-quentes\/","title":{"rendered":"VULCANUS MAXIMUS"},"content":{"rendered":"<p><strong>Comprend :<\/strong> ENTR\u00c9E DANS LA SALLE DE BAIN + MASSAGE AUX PIERRES CHAUDES 90\u2032<\/p>\n<p>D\u00e9couvrez une <strong>exp\u00e9rience de relaxation profonde<\/strong> avec <strong>Vulcanus Maximus<\/strong>, qui inclut l'acc\u00e8s \u00e0 notre <strong>salle de bains romaine<\/strong> avec une <strong>Massage intensif de pierres chaudes de 90 minutes<\/strong>. Cette exp\u00e9rience a \u00e9t\u00e9 con\u00e7ue pour procurer un soulagement complet des tensions et un renouvellement profond du corps et de l'esprit.<\/p>\n<p>Commencez votre rituel \u00e0 la <strong>salle de bains romaine<\/strong>, l\u00e0 o\u00f9 le <strong>circuit de piscines \u00e0 diff\u00e9rentes temp\u00e9ratures<\/strong> d\u00e9tendre les muscles et am\u00e9liorer la circulation, vous pr\u00e9parant \u00e0 un massage plus efficace. Ensuite, abandonnez-vous \u00e0 un <strong>massage prolong\u00e9e avec des pierres volcaniques chauff\u00e9es<\/strong>, appliqu\u00e9es soigneusement \u00e0 des points strat\u00e9giques pour soulager les tensions musculaires, stimuler la circulation de l'\u00e9nergie et induire un \u00e9tat de s\u00e9r\u00e9nit\u00e9 et d'\u00e9quilibre.<\/p>\n<p>O <strong>Vulcanus Maximus<\/strong> est id\u00e9al pour ceux qui recherchent une <strong>exp\u00e9rience prolong\u00e9e et intensive de rajeunissement<\/strong>, combinant le <strong>chaleur th\u00e9rapeutique des pierres volcaniques<\/strong> avec l'environnement relaxant des thermes romains. Le r\u00e9sultat est durable et profond\u00e9ment restaurateur.<\/p>","protected":false},"excerpt":{"rendered":"<p><strong>Exp\u00e9rience de spa \u00e0 \u00c9vora avec bains romains et massage aux pierres chaudes de 90 minutes.<\/strong><\/p>\n<p>O <strong>Vulcanus Maximus<\/strong> combine l'acc\u00e8s \u00e0 <strong>Circuit des thermes romains<\/strong> avec une <strong>massage prolong\u00e9 de pierres chaudes<\/strong>, con\u00e7ue pour soulager les tensions profondes, stimuler la circulation et favoriser une relaxation intense.<\/p>\n<p>Une exp\u00e9rience exclusive au <strong>In Acqua Veritas<\/strong>, id\u00e9al \u00e0 offrir ou \u00e0 s'offrir un rituel th\u00e9rapeutique et r\u00e9parateur au c\u0153ur du centre historique d'\u00c9vora.<\/p>","protected":false},"featured_media":11564,"comment_status":"closed","ping_status":"closed","template":"","meta":{"_acf_changed":false},"product_brand":[],"product_cat":[114,226],"product_tag":[],"class_list":{"0":"post-11941","1":"product","2":"type-product","3":"status-publish","4":"has-post-thumbnail","6":"product_cat-banhos-romanos","7":"product_cat-massagem-pedras-quentes","9":"first","10":"instock","11":"virtual","12":"taxable","13":"purchasable","14":"product-type-simple"},"acf":[],"_links":{"self":[{"href":"https:\/\/inacquaveritas.com\/fr\/wp-json\/wp\/v2\/product\/11941","targetHints":{"allow":["GET"]}}],"collection":[{"href":"https:\/\/inacquaveritas.com\/fr\/wp-json\/wp\/v2\/product"}],"about":[{"href":"https:\/\/inacquaveritas.com\/fr\/wp-json\/wp\/v2\/types\/product"}],"replies":[{"embeddable":true,"href":"https:\/\/inacquaveritas.com\/fr\/wp-json\/wp\/v2\/comments?post=11941"}],"version-history":[{"count":3,"href":"https:\/\/inacquaveritas.com\/fr\/wp-json\/wp\/v2\/product\/11941\/revisions"}],"predecessor-version":[{"id":13976,"href":"https:\/\/inacquaveritas.com\/fr\/wp-json\/wp\/v2\/product\/11941\/revisions\/13976"}],"wp:featuredmedia":[{"embeddable":true,"href":"https:\/\/inacquaveritas.com\/fr\/wp-json\/wp\/v2\/media\/11564"}],"wp:attachment":[{"href":"https:\/\/inacquaveritas.com\/fr\/wp-json\/wp\/v2\/media?parent=11941"}],"wp:term":[{"taxonomy":"product_brand","embeddable":true,"href":"https:\/\/inacquaveritas.com\/fr\/wp-json\/wp\/v2\/product_brand?post=11941"},{"taxonomy":"product_cat","embeddable":true,"href":"https:\/\/inacquaveritas.com\/fr\/wp-json\/wp\/v2\/product_cat?post=11941"},{"taxonomy":"product_tag","embeddable":true,"href":"https:\/\/inacquaveritas.com\/fr\/wp-json\/wp\/v2\/product_tag?post=11941"}],"curies":[{"name":"wp","href":"https:\/\/api.w.org\/{rel}","templated":true}]}}