{"id":11938,"date":"2025-03-10T12:04:43","date_gmt":"2025-03-10T12:04:43","guid":{"rendered":"https:\/\/inacquaveritas.com\/?post_type=product&#038;p=11938"},"modified":"2026-04-24T10:47:49","modified_gmt":"2026-04-24T09:47:49","slug":"entree-bacchus-salle-de-bain-salle-de-degustation","status":"publish","type":"product","link":"https:\/\/inacquaveritas.com\/fr\/produto\/bacchus-entrada-sala-banhos-degustacao\/","title":{"rendered":"BACCHUS"},"content":{"rendered":"<p><strong>Comprend :<\/strong> ENTR\u00c9E DANS LA SALLE DE BAIN + D\u00c9GUSTATION<\/p>\n<p>Plongez dans <strong>exp\u00e9rience sensorielle unique<\/strong> avec le rituel <strong>Bacchus<\/strong>, o\u00f9 se rejoignent la d\u00e9tente et le plaisir gastronomique. Cette exp\u00e9rience comprend l'acc\u00e8s \u00e0 notre <strong>salle de bains romaine<\/strong> et une <strong>d\u00e9gustation soigneusement s\u00e9lectionn\u00e9e de produits r\u00e9gionaux<\/strong>, que vous pourrez d\u00e9guster en contemplant les paisibles piscines autour de vous.<\/p>\n<p>Dans ce d\u00e9cor chaleureux, inspir\u00e9 des <strong>traditions et plaisirs romains<\/strong>, vous trouverez un \u00e9quilibre parfait entre le <strong>bien-\u00eatre physique<\/strong> et <strong>plaisir des sens<\/strong>. Profitez de l'instant pour vous d\u00e9tendre profond\u00e9ment dans les eaux thermales, tout en vous d\u00e9lectant des saveurs authentiques de la r\u00e9gion, harmonisant ainsi l'exp\u00e9rience des bains avec le raffinement de la d\u00e9gustation.<\/p>\n<p>Une c\u00e9l\u00e9bration de style romain, o\u00f9 vous pourrez d\u00e9guster un <strong>ambiance unique et intemporelle<\/strong>, con\u00e7u pour revitaliser le corps et enrichir l'\u00e2me.<\/p>","protected":false},"excerpt":{"rendered":"<p><strong>Exp\u00e9rience de spa \u00e0 \u00c9vora avec bains romains et d\u00e9gustation de produits r\u00e9gionaux.<\/strong><\/p>\n<p>O <strong>Bacchus<\/strong> combine l'acc\u00e8s \u00e0 <strong>Circuit des thermes romains<\/strong> avec une <strong>d\u00e9gustation r\u00e9gionale<\/strong>, cr\u00e9ant un moment sensoriel de d\u00e9tente, de bien-\u00eatre et de plaisir gastronomique.<\/p>\n<p>Une exp\u00e9rience exclusive au <strong>In Acqua Veritas<\/strong>, id\u00e9al pour offrir ou pour savourer d'authentiques saveurs dans une ambiance inspir\u00e9e des rituels romains, au c\u0153ur du centre historique d'\u00c9vora.<\/p>","protected":false},"featured_media":11541,"comment_status":"closed","ping_status":"closed","template":"","meta":{"_acf_changed":false},"product_brand":[],"product_cat":[114,142],"product_tag":[],"class_list":{"0":"post-11938","1":"product","2":"type-product","3":"status-publish","4":"has-post-thumbnail","6":"product_cat-banhos-romanos","7":"product_cat-degustacao","9":"first","10":"instock","11":"virtual","12":"taxable","13":"purchasable","14":"product-type-simple"},"acf":[],"_links":{"self":[{"href":"https:\/\/inacquaveritas.com\/fr\/wp-json\/wp\/v2\/product\/11938","targetHints":{"allow":["GET"]}}],"collection":[{"href":"https:\/\/inacquaveritas.com\/fr\/wp-json\/wp\/v2\/product"}],"about":[{"href":"https:\/\/inacquaveritas.com\/fr\/wp-json\/wp\/v2\/types\/product"}],"replies":[{"embeddable":true,"href":"https:\/\/inacquaveritas.com\/fr\/wp-json\/wp\/v2\/comments?post=11938"}],"version-history":[{"count":3,"href":"https:\/\/inacquaveritas.com\/fr\/wp-json\/wp\/v2\/product\/11938\/revisions"}],"predecessor-version":[{"id":13978,"href":"https:\/\/inacquaveritas.com\/fr\/wp-json\/wp\/v2\/product\/11938\/revisions\/13978"}],"wp:featuredmedia":[{"embeddable":true,"href":"https:\/\/inacquaveritas.com\/fr\/wp-json\/wp\/v2\/media\/11541"}],"wp:attachment":[{"href":"https:\/\/inacquaveritas.com\/fr\/wp-json\/wp\/v2\/media?parent=11938"}],"wp:term":[{"taxonomy":"product_brand","embeddable":true,"href":"https:\/\/inacquaveritas.com\/fr\/wp-json\/wp\/v2\/product_brand?post=11938"},{"taxonomy":"product_cat","embeddable":true,"href":"https:\/\/inacquaveritas.com\/fr\/wp-json\/wp\/v2\/product_cat?post=11938"},{"taxonomy":"product_tag","embeddable":true,"href":"https:\/\/inacquaveritas.com\/fr\/wp-json\/wp\/v2\/product_tag?post=11938"}],"curies":[{"name":"wp","href":"https:\/\/api.w.org\/{rel}","templated":true}]}}