{"id":11935,"date":"2025-03-10T11:31:00","date_gmt":"2025-03-10T11:31:00","guid":{"rendered":"https:\/\/inacquaveritas.com\/?post_type=product&#038;p=11935"},"modified":"2026-04-24T10:52:57","modified_gmt":"2026-04-24T09:52:57","slug":"commodus-entree-salle-bains-massage-60","status":"publish","type":"product","link":"https:\/\/inacquaveritas.com\/fr\/produto\/commodus-entrada-sala-banhos-massagem-60\/","title":{"rendered":"COMMODUS"},"content":{"rendered":"<p><strong>Comprend :<\/strong> ACC\u00c8S AU SALON DE BAIN + MASSAGE RELAXANT 60'<\/p>\n<p>Abandonnez-vous \u00e0 un moment de <strong>Profonde relaxation<\/strong> avec l'exp\u00e9rience <strong>Commodus<\/strong>, ce qui combine l'acc\u00e8s \u00e0 notre <strong>salle de bains romaine<\/strong> avec une <strong>massage de relaxation de 60 minutes<\/strong>, con\u00e7ue pour renouveler le corps et l'esprit.<\/p>\n<p>Commencez votre voyage de bien-\u00eatre \u00e0 <strong>salle de bain<\/strong>, o\u00f9 vous pourrez profiter du <strong>circuit de piscines romaines \u00e0 diff\u00e9rentes temp\u00e9ratures<\/strong>, vous permettant de vous d\u00e9tendre et de pr\u00e9parer vos muscles au massage. Ensuite, confiez-vous aux mains de nos th\u00e9rapeutes qui, avec <strong>techniques de massage personnalis\u00e9es<\/strong>, ils soulageront les tensions, stimuleront la circulation et favoriseront une sensation de relaxation totale.<\/p>\n<p>L'exp\u00e9rience <strong>Commodus<\/strong> c'est id\u00e9al pour qui cherche un <strong>moment de s\u00e9r\u00e9nit\u00e9 et de r\u00e9g\u00e9n\u00e9ration exclusif<\/strong>, offrant un \u00e9quilibre parfait entre la d\u00e9tente des bains et la profondeur d'un massage rajeunissant.<\/p>","protected":false},"excerpt":{"rendered":"<p><strong>Exp\u00e9rience de spa \u00e0 \u00c9vora avec des bains romains et un massage relaxant de 60 minutes.<\/strong><\/p>\n<p>O <strong>Commodus<\/strong> combine l'acc\u00e8s \u00e0 <strong>Circuit des thermes romains<\/strong> avec une <strong>Massage de relaxation<\/strong>, id\u00e9al pour soulager les tensions, renouveler le corps et l'esprit et procurer un bien-\u00eatre profond.<\/p>\n<p>Une exp\u00e9rience exclusive au <strong>In Acqua Veritas<\/strong>, parfaite pour offrir ou pour savourer un moment de s\u00e9r\u00e9nit\u00e9 au c\u0153ur du centre historique d'\u00c9vora.<\/p>","protected":false},"featured_media":11594,"comment_status":"closed","ping_status":"closed","template":"","meta":{"_acf_changed":false},"product_brand":[],"product_cat":[114,141],"product_tag":[],"class_list":{"0":"post-11935","1":"product","2":"type-product","3":"status-publish","4":"has-post-thumbnail","6":"product_cat-banhos-romanos","7":"product_cat-massagem","9":"first","10":"instock","11":"virtual","12":"taxable","13":"purchasable","14":"product-type-simple"},"acf":[],"_links":{"self":[{"href":"https:\/\/inacquaveritas.com\/fr\/wp-json\/wp\/v2\/product\/11935","targetHints":{"allow":["GET"]}}],"collection":[{"href":"https:\/\/inacquaveritas.com\/fr\/wp-json\/wp\/v2\/product"}],"about":[{"href":"https:\/\/inacquaveritas.com\/fr\/wp-json\/wp\/v2\/types\/product"}],"replies":[{"embeddable":true,"href":"https:\/\/inacquaveritas.com\/fr\/wp-json\/wp\/v2\/comments?post=11935"}],"version-history":[{"count":4,"href":"https:\/\/inacquaveritas.com\/fr\/wp-json\/wp\/v2\/product\/11935\/revisions"}],"predecessor-version":[{"id":13979,"href":"https:\/\/inacquaveritas.com\/fr\/wp-json\/wp\/v2\/product\/11935\/revisions\/13979"}],"wp:featuredmedia":[{"embeddable":true,"href":"https:\/\/inacquaveritas.com\/fr\/wp-json\/wp\/v2\/media\/11594"}],"wp:attachment":[{"href":"https:\/\/inacquaveritas.com\/fr\/wp-json\/wp\/v2\/media?parent=11935"}],"wp:term":[{"taxonomy":"product_brand","embeddable":true,"href":"https:\/\/inacquaveritas.com\/fr\/wp-json\/wp\/v2\/product_brand?post=11935"},{"taxonomy":"product_cat","embeddable":true,"href":"https:\/\/inacquaveritas.com\/fr\/wp-json\/wp\/v2\/product_cat?post=11935"},{"taxonomy":"product_tag","embeddable":true,"href":"https:\/\/inacquaveritas.com\/fr\/wp-json\/wp\/v2\/product_tag?post=11935"}],"curies":[{"name":"wp","href":"https:\/\/api.w.org\/{rel}","templated":true}]}}