{"id":11839,"date":"2025-03-06T08:21:25","date_gmt":"2025-03-06T08:21:25","guid":{"rendered":"https:\/\/inacquaveritas.com\/?post_type=product&#038;p=11839"},"modified":"2026-04-24T10:56:56","modified_gmt":"2026-04-24T09:56:56","slug":"venus-et-bacchus-2","status":"publish","type":"product","link":"https:\/\/inacquaveritas.com\/fr\/produto\/venus-et-bacchus-2\/","title":{"rendered":"V\u00c9NUS ET BACCHUS"},"content":{"rendered":"<p><strong>Comprend :<\/strong> ACC\u00c8S AU SALON DE BAIN + D\u00c9GUSTATION + MASSAGE GOMMAGE 60\u2032<\/p>\n<p>Exp\u00e9rimentez un v\u00e9ritable rituel de <strong>beaut\u00e9 et plaisir<\/strong> avec l'exp\u00e9rience <strong>V\u00e9nus et Bacchus<\/strong>, qui comprend l'acc\u00e8s \u00e0 notre <strong>salle de bains romaine<\/strong>, une <strong>massage exfoliant de 60 minutes<\/strong> et une <strong>d\u00e9gustation avec produits r\u00e9gionaux<\/strong>. Ce traitement a \u00e9t\u00e9 cr\u00e9\u00e9 pour <strong>Ravigoter le corps<\/strong>, nourrir la peau et ravir les sens.<\/p>\n<p>Commencez votre moment de d\u00e9tente \u00e0 <strong>salle de bain<\/strong>, o\u00f9 les eaux de diff\u00e9rentes temp\u00e9ratures relaxent et d\u00e9sintoxiquent le corps, le pr\u00e9parant \u00e0 un gommage profond. Ensuite, abandonnez-vous \u00e0 un <strong>Massage exfoliant de 60 minutes<\/strong>, o\u00f9 des techniques minutieuses retirent les cellules mortes, stimulent la circulation et laissent la peau <strong>Macia, radiante e revitalizada<\/strong>.<\/p>\n<p>Pour compl\u00e9ter ceci <strong>exp\u00e9rience sensorielle<\/strong>, profitez d'une <strong>d\u00e9gustation avec produits r\u00e9gionaux<\/strong> tandis qu'il contemple l'environnement serein des piscines. Ce moment de plaisir gastronomique compl\u00e8te le traitement, offrant un \u00e9quilibre parfait entre les soins du corps et l'affinage des sens.<\/p>\n<p>L'exp\u00e9rience <strong>V\u00e9nus et Bacchus<\/strong> est id\u00e9al pour ceux qui souhaitent <strong>Prendre soin du corps et de la peau<\/strong> pendant que vous profitez d'un moment de d\u00e9tente.<\/p>","protected":false},"excerpt":{"rendered":"<p><strong>Exp\u00e9rience de spa \u00e0 \u00c9vora avec bains romains, massage exfoliant et d\u00e9gustation r\u00e9gionale.<\/strong><\/p>\n<p>O <strong>V\u00e9nus et Bacchus<\/strong> combine l'acc\u00e8s \u00e0 <strong>Circuit des thermes romains<\/strong> avec une <strong>massage exfoliant de 60 minutes<\/strong> et une <strong>d\u00e9gustation de produits r\u00e9gionaux<\/strong>, procurant des soins pour la peau, de la relaxation et du plaisir sensoriel.<\/p>\n<p>Une exp\u00e9rience exclusive au <strong>In Acqua Veritas<\/strong>, id\u00e9al pour offrir ou profiter d'un moment de beaut\u00e9 et de bien-\u00eatre dans le centre historique d'\u00c9vora.<\/p>","protected":false},"featured_media":11571,"comment_status":"closed","ping_status":"closed","template":"","meta":{"_acf_changed":false},"product_brand":[],"product_cat":[114,142,143],"product_tag":[],"class_list":{"0":"post-11839","1":"product","2":"type-product","3":"status-publish","4":"has-post-thumbnail","6":"product_cat-banhos-romanos","7":"product_cat-degustacao","8":"product_cat-massagem-esfoliacao","10":"first","11":"instock","12":"virtual","13":"taxable","14":"purchasable","15":"product-type-simple"},"acf":[],"_links":{"self":[{"href":"https:\/\/inacquaveritas.com\/fr\/wp-json\/wp\/v2\/product\/11839","targetHints":{"allow":["GET"]}}],"collection":[{"href":"https:\/\/inacquaveritas.com\/fr\/wp-json\/wp\/v2\/product"}],"about":[{"href":"https:\/\/inacquaveritas.com\/fr\/wp-json\/wp\/v2\/types\/product"}],"replies":[{"embeddable":true,"href":"https:\/\/inacquaveritas.com\/fr\/wp-json\/wp\/v2\/comments?post=11839"}],"version-history":[{"count":4,"href":"https:\/\/inacquaveritas.com\/fr\/wp-json\/wp\/v2\/product\/11839\/revisions"}],"predecessor-version":[{"id":13981,"href":"https:\/\/inacquaveritas.com\/fr\/wp-json\/wp\/v2\/product\/11839\/revisions\/13981"}],"wp:featuredmedia":[{"embeddable":true,"href":"https:\/\/inacquaveritas.com\/fr\/wp-json\/wp\/v2\/media\/11571"}],"wp:attachment":[{"href":"https:\/\/inacquaveritas.com\/fr\/wp-json\/wp\/v2\/media?parent=11839"}],"wp:term":[{"taxonomy":"product_brand","embeddable":true,"href":"https:\/\/inacquaveritas.com\/fr\/wp-json\/wp\/v2\/product_brand?post=11839"},{"taxonomy":"product_cat","embeddable":true,"href":"https:\/\/inacquaveritas.com\/fr\/wp-json\/wp\/v2\/product_cat?post=11839"},{"taxonomy":"product_tag","embeddable":true,"href":"https:\/\/inacquaveritas.com\/fr\/wp-json\/wp\/v2\/product_tag?post=11839"}],"curies":[{"name":"wp","href":"https:\/\/api.w.org\/{rel}","templated":true}]}}