{"id":11833,"date":"2025-03-05T17:13:31","date_gmt":"2025-03-05T17:13:31","guid":{"rendered":"https:\/\/inacquaveritas.com\/?post_type=product&#038;p=11833"},"modified":"2026-04-24T11:00:17","modified_gmt":"2026-04-24T10:00:17","slug":"commodus-maximus-et-bacchus","status":"publish","type":"product","link":"https:\/\/inacquaveritas.com\/fr\/produto\/commodus-maximus-et-bacchus\/","title":{"rendered":"COMMODUS MAXIMUS ET BACCHUS"},"content":{"rendered":"<p><strong>Comprend :<\/strong> ACC\u00c8S AU SALON DE BAIN + D\u00c9GUSTATION + MASSAGE RELAXANT 90\u2019<\/p>\n<p>Permettez-vous une <strong>une exp\u00e9rience de relaxation in\u00e9gal\u00e9e<\/strong> avec le paquet <strong>Commodus Maximus et Bacchus<\/strong>. Cette exp\u00e9rience unique combine le meilleur de nos services : <strong>acc\u00e8s \u00e0 la salle de bains romaine<\/strong>, une <strong>massage intensif de 90 minutes<\/strong> et une <strong>d\u00e9gustation cr\u00e9\u00e9e avec des produits r\u00e9gionaux<\/strong>.<\/p>\n<p>Commencez votre rituel de bien-\u00eatre \u00e0 <strong>circuit de bains<\/strong>, o\u00f9 vous pourrez vous d\u00e9tendre dans des piscines aux temp\u00e9ratures vari\u00e9es, inspir\u00e9es de la tradition romaine, pr\u00e9parant ainsi le corps et l'esprit \u00e0 un \u00e9tat de tranquillit\u00e9 totale. Ensuite, abandonnez-vous \u00e0 un <strong>massage de 90 minutes<\/strong>, Id\u00e9al pour soulager les tensions les plus profondes et procurer une sensation durable d'\u00e9quilibre et de bien-\u00eatre.<\/p>\n<p>Pour compl\u00e9ter l'exp\u00e9rience, savourez une <strong>s\u00e9lection de produits r\u00e9gionaux<\/strong>, au moment de <strong>d\u00e9gustation exclusive avec vue sur les piscines<\/strong>, ce qui enrichira les sens et transformera cette exp\u00e9rience en quelque chose de v\u00e9ritablement m\u00e9morable.<\/p>\n<p>O <strong>Commodus Maximus et Bacchus<\/strong> c'est le summum du bien-\u00eatre, combinant <strong>Relaxation<\/strong>, <strong>rajeunissement<\/strong> e <strong>plaisir sensoriel<\/strong>, tout pens\u00e9 pour ceux qui recherchent un moment inoubliable et profond\u00e9ment r\u00e9parateur.<\/p>","protected":false},"excerpt":{"rendered":"<p><strong>Exp\u00e9rience de spa \u00e0 \u00c9vora avec bains romains, massage relaxant de 90 minutes et d\u00e9gustation r\u00e9gionale.<\/strong><\/p>\n<p>O <strong>Commodus Maximus et Bacchus<\/strong> combine l'acc\u00e8s \u00e0 <strong>Circuit des thermes romains<\/strong>, une <strong>massage intensif de 90 minutes<\/strong> et une <strong>d\u00e9gustation avec produits r\u00e9gionaux<\/strong>, fournissant une relaxation profonde, un \u00e9quilibre et un plaisir sensoriel.<\/p>\n<p>Une exp\u00e9rience exclusive au <strong>In Acqua Veritas<\/strong>, id\u00e9al pour offrir ou profiter d'un rituel complet de bien-\u00eatre dans le centre historique d'\u00c9vora.<\/p>","protected":false},"featured_media":11575,"comment_status":"closed","ping_status":"closed","template":"","meta":{"_acf_changed":false},"product_brand":[],"product_cat":[114,142,141],"product_tag":[],"class_list":{"0":"post-11833","1":"product","2":"type-product","3":"status-publish","4":"has-post-thumbnail","6":"product_cat-banhos-romanos","7":"product_cat-degustacao","8":"product_cat-massagem","10":"first","11":"instock","12":"virtual","13":"taxable","14":"purchasable","15":"product-type-simple"},"acf":[],"_links":{"self":[{"href":"https:\/\/inacquaveritas.com\/fr\/wp-json\/wp\/v2\/product\/11833","targetHints":{"allow":["GET"]}}],"collection":[{"href":"https:\/\/inacquaveritas.com\/fr\/wp-json\/wp\/v2\/product"}],"about":[{"href":"https:\/\/inacquaveritas.com\/fr\/wp-json\/wp\/v2\/types\/product"}],"replies":[{"embeddable":true,"href":"https:\/\/inacquaveritas.com\/fr\/wp-json\/wp\/v2\/comments?post=11833"}],"version-history":[{"count":4,"href":"https:\/\/inacquaveritas.com\/fr\/wp-json\/wp\/v2\/product\/11833\/revisions"}],"predecessor-version":[{"id":13983,"href":"https:\/\/inacquaveritas.com\/fr\/wp-json\/wp\/v2\/product\/11833\/revisions\/13983"}],"wp:featuredmedia":[{"embeddable":true,"href":"https:\/\/inacquaveritas.com\/fr\/wp-json\/wp\/v2\/media\/11575"}],"wp:attachment":[{"href":"https:\/\/inacquaveritas.com\/fr\/wp-json\/wp\/v2\/media?parent=11833"}],"wp:term":[{"taxonomy":"product_brand","embeddable":true,"href":"https:\/\/inacquaveritas.com\/fr\/wp-json\/wp\/v2\/product_brand?post=11833"},{"taxonomy":"product_cat","embeddable":true,"href":"https:\/\/inacquaveritas.com\/fr\/wp-json\/wp\/v2\/product_cat?post=11833"},{"taxonomy":"product_tag","embeddable":true,"href":"https:\/\/inacquaveritas.com\/fr\/wp-json\/wp\/v2\/product_tag?post=11833"}],"curies":[{"name":"wp","href":"https:\/\/api.w.org\/{rel}","templated":true}]}}