{"id":11823,"date":"2025-03-05T16:56:40","date_gmt":"2025-03-05T16:56:40","guid":{"rendered":"https:\/\/inacquaveritas.com\/?post_type=product&#038;p=11823"},"modified":"2026-04-24T11:09:34","modified_gmt":"2026-04-24T10:09:34","slug":"flagrantti-2","status":"publish","type":"product","link":"https:\/\/inacquaveritas.com\/fr\/produto\/flagrantti-2\/","title":{"rendered":"FLAGRANTTI"},"content":{"rendered":"<p><strong>Comprend :<\/strong> ACC\u00c8S AU SALON DE BAIN + MOUSSEUX + TRUFFES + MASSAGE AUX BOUGIES 60\u2032<\/p>\n<p>Livrez-vous \u00e0 une <strong>exp\u00e9rience de luxe et d'indulgence<\/strong> avec l'exp\u00e9rience <strong>Flagrantti<\/strong>, un rituel exclusif qui combine le <strong>acc\u00e8s \u00e0 la salle de bains romaine<\/strong>, une <strong>massage aux bougies parfum\u00e9es de 60 minutes<\/strong> et une <strong>s\u00e9lection sophistiqu\u00e9e de mousseux et de truffes<\/strong>. Une exp\u00e9rience unique qui enchante les sens et procure un moment de pur plaisir et de relaxation.<\/p>\n<p>Commencez l'exp\u00e9rience \u00e0 <strong>salle de bains romaine<\/strong>, o\u00f9 vous pourrez vous d\u00e9tendre dans les eaux et rel\u00e2cher les tensions de la journ\u00e9e. Apr\u00e8s ce moment de s\u00e9r\u00e9nit\u00e9, il vous sera servi <strong>mousseux et truffes<\/strong>, \u00e9levant l'\u00e9tat d'esprit et \u00e9veillant les sens.<\/p>\n<p>L'exp\u00e9rience culmine en une <strong>massage de soixante minutes avec bougies aromatiques<\/strong>. La cire fondue des bougies, riche en nutriments, est appliqu\u00e9e par de l\u00e9gers effleurements pour <strong>hydrater la peau<\/strong>, tandis que les ar\u00f4mes d\u00e9licats favorisent une relaxation profonde. Ce massage procure un soulagement des tensions et laisse la peau <strong>douce et parfum\u00e9e<\/strong>, cr\u00e9ant une sensation de bien-\u00eatre total.<\/p>\n<p>L'exp\u00e9rience <strong>Flagrantti<\/strong> Elle est parfaite pour ceux qui recherchent un <strong>moment de luxe et de plaisir<\/strong>, dans une exp\u00e9rience v\u00e9ritablement m\u00e9morable.<\/p>","protected":false},"excerpt":{"rendered":"<p><strong>Exp\u00e9rience de spa \u00e0 \u00c9vora avec bains romains, massage aux bougies aromatiques, vin p\u00e9tillant et truffes.<\/strong><\/p>\n<p>L'exp\u00e9rience <strong>Flagrantti<\/strong> combine l'acc\u00e8s \u00e0 <strong>Circuit des thermes romains<\/strong>, une <strong>massage aux bougies parfum\u00e9es de 60 minutes<\/strong> et une <strong>d\u00e9gustation premium avec mousseux et truffes<\/strong>, procurant une relaxation profonde et un plaisir sensoriel.<\/p>\n<p>Une exp\u00e9rience exclusive au <strong>In Acqua Veritas<\/strong>, id\u00e9al pour offrir ou profiter d'un moment de luxe et de bien-\u00eatre dans le centre historique d'\u00c9vora.<\/p>","protected":false},"featured_media":11576,"comment_status":"closed","ping_status":"closed","template":"","meta":{"_acf_changed":false},"product_brand":[],"product_cat":[114,142,225],"product_tag":[],"class_list":{"0":"post-11823","1":"product","2":"type-product","3":"status-publish","4":"has-post-thumbnail","6":"product_cat-banhos-romanos","7":"product_cat-degustacao","8":"product_cat-massagem-velas","10":"first","11":"instock","12":"virtual","13":"taxable","14":"purchasable","15":"product-type-simple"},"acf":[],"_links":{"self":[{"href":"https:\/\/inacquaveritas.com\/fr\/wp-json\/wp\/v2\/product\/11823","targetHints":{"allow":["GET"]}}],"collection":[{"href":"https:\/\/inacquaveritas.com\/fr\/wp-json\/wp\/v2\/product"}],"about":[{"href":"https:\/\/inacquaveritas.com\/fr\/wp-json\/wp\/v2\/types\/product"}],"replies":[{"embeddable":true,"href":"https:\/\/inacquaveritas.com\/fr\/wp-json\/wp\/v2\/comments?post=11823"}],"version-history":[{"count":4,"href":"https:\/\/inacquaveritas.com\/fr\/wp-json\/wp\/v2\/product\/11823\/revisions"}],"predecessor-version":[{"id":13988,"href":"https:\/\/inacquaveritas.com\/fr\/wp-json\/wp\/v2\/product\/11823\/revisions\/13988"}],"wp:featuredmedia":[{"embeddable":true,"href":"https:\/\/inacquaveritas.com\/fr\/wp-json\/wp\/v2\/media\/11576"}],"wp:attachment":[{"href":"https:\/\/inacquaveritas.com\/fr\/wp-json\/wp\/v2\/media?parent=11823"}],"wp:term":[{"taxonomy":"product_brand","embeddable":true,"href":"https:\/\/inacquaveritas.com\/fr\/wp-json\/wp\/v2\/product_brand?post=11823"},{"taxonomy":"product_cat","embeddable":true,"href":"https:\/\/inacquaveritas.com\/fr\/wp-json\/wp\/v2\/product_cat?post=11823"},{"taxonomy":"product_tag","embeddable":true,"href":"https:\/\/inacquaveritas.com\/fr\/wp-json\/wp\/v2\/product_tag?post=11823"}],"curies":[{"name":"wp","href":"https:\/\/api.w.org\/{rel}","templated":true}]}}