{"id":11820,"date":"2025-03-05T16:49:02","date_gmt":"2025-03-05T16:49:02","guid":{"rendered":"https:\/\/inacquaveritas.com\/?post_type=product&#038;p=11820"},"modified":"2026-04-24T11:14:13","modified_gmt":"2026-04-24T10:14:13","slug":"cibelle-2","status":"publish","type":"product","link":"https:\/\/inacquaveritas.com\/fr\/produto\/cibelle-2\/","title":{"rendered":"CIBELLE"},"content":{"rendered":"<p><strong>Comprend :<\/strong> ACC\u00c8S \u00c0 LA SALLE DE BAIN + GOMMAGE ET BAIN MOUSSANT CR\u00c9MEUX SUR TABLE EN PIERRE + MASSAGE 45\u2032<\/p>\n<p>D\u00e9couvrez l'essence de <strong>beaut\u00e9 et de la relaxation<\/strong> avec l'exp\u00e9rience <strong>Cibelle<\/strong>, ce qui combine l'acc\u00e8s \u00e0 notre <strong>salle de bains romaine<\/strong> avec <strong>exfoliation<\/strong>, <strong>bain moussant sur marquise de pierre<\/strong> e <strong>massage de 45 minutes<\/strong>. Ce traitement a \u00e9t\u00e9 soigneusement con\u00e7u afin de <strong>r\u00e9nover la peau<\/strong>, pr\u00e9venir son vieillissement et procurer une sensation de bien-\u00eatre complet.<\/p>\n<p>Commencez l'exp\u00e9rience \u00e0 <strong>salle de bain<\/strong>, l\u00e0 o\u00f9 le <strong>circuit de piscines \u00e0 diff\u00e9rentes temp\u00e9ratures<\/strong> pr\u00e9pare le corps pour une immersion profonde dans la relaxation.<\/p>","protected":false},"excerpt":{"rendered":"<p><strong>Exp\u00e9rience de spa \u00e0 \u00c9vora avec bains romains, gommage, bain moussant sur table en pierre et massage de 45 minutes.<\/strong><\/p>\n<p>L'exp\u00e9rience <strong>Cibelle<\/strong> combine l'acc\u00e8s \u00e0 <strong>Circuit des thermes romains<\/strong> avec un rituel de beaut\u00e9 et de relaxation con\u00e7u pour renouveler la peau, favoriser le bien-\u00eatre et procurer une sensation profonde de soin.<\/p>\n<p>Une exp\u00e9rience exclusive au <strong>In Acqua Veritas<\/strong>, id\u00e9al pour offrir ou profiter d'un moment de d\u00e9tente et de revitalisation dans le centre historique d'\u00c9vora.<\/p>","protected":false},"featured_media":11566,"comment_status":"closed","ping_status":"closed","template":"","meta":{"_acf_changed":false},"product_brand":[],"product_cat":[114,142,141],"product_tag":[],"class_list":{"0":"post-11820","1":"product","2":"type-product","3":"status-publish","4":"has-post-thumbnail","6":"product_cat-banhos-romanos","7":"product_cat-degustacao","8":"product_cat-massagem","10":"first","11":"instock","12":"virtual","13":"taxable","14":"purchasable","15":"product-type-simple"},"acf":[],"_links":{"self":[{"href":"https:\/\/inacquaveritas.com\/fr\/wp-json\/wp\/v2\/product\/11820","targetHints":{"allow":["GET"]}}],"collection":[{"href":"https:\/\/inacquaveritas.com\/fr\/wp-json\/wp\/v2\/product"}],"about":[{"href":"https:\/\/inacquaveritas.com\/fr\/wp-json\/wp\/v2\/types\/product"}],"replies":[{"embeddable":true,"href":"https:\/\/inacquaveritas.com\/fr\/wp-json\/wp\/v2\/comments?post=11820"}],"version-history":[{"count":3,"href":"https:\/\/inacquaveritas.com\/fr\/wp-json\/wp\/v2\/product\/11820\/revisions"}],"predecessor-version":[{"id":13990,"href":"https:\/\/inacquaveritas.com\/fr\/wp-json\/wp\/v2\/product\/11820\/revisions\/13990"}],"wp:featuredmedia":[{"embeddable":true,"href":"https:\/\/inacquaveritas.com\/fr\/wp-json\/wp\/v2\/media\/11566"}],"wp:attachment":[{"href":"https:\/\/inacquaveritas.com\/fr\/wp-json\/wp\/v2\/media?parent=11820"}],"wp:term":[{"taxonomy":"product_brand","embeddable":true,"href":"https:\/\/inacquaveritas.com\/fr\/wp-json\/wp\/v2\/product_brand?post=11820"},{"taxonomy":"product_cat","embeddable":true,"href":"https:\/\/inacquaveritas.com\/fr\/wp-json\/wp\/v2\/product_cat?post=11820"},{"taxonomy":"product_tag","embeddable":true,"href":"https:\/\/inacquaveritas.com\/fr\/wp-json\/wp\/v2\/product_tag?post=11820"}],"curies":[{"name":"wp","href":"https:\/\/api.w.org\/{rel}","templated":true}]}}