{"id":11720,"date":"2025-03-05T11:37:36","date_gmt":"2025-03-05T11:37:36","guid":{"rendered":"https:\/\/inacquaveritas.com\/?page_id=11720"},"modified":"2026-05-08T10:19:58","modified_gmt":"2026-05-08T09:19:58","slug":"qui-sommes-nous","status":"publish","type":"page","link":"https:\/\/inacquaveritas.com\/fr\/quem-somos\/","title":{"rendered":"Qui Sommes-nous?"},"content":{"rendered":"<div data-elementor-type=\"wp-page\" data-elementor-id=\"11720\" class=\"elementor elementor-11720\" data-elementor-post-type=\"page\">\n\t\t\t\t\t\t<section class=\"elementor-section elementor-top-section elementor-element elementor-element-6abb06a elementor-section-boxed elementor-section-height-default elementor-section-height-default\" data-id=\"6abb06a\" data-element_type=\"section\" data-e-type=\"section\">\n\t\t\t\t\t\t<div class=\"elementor-container elementor-column-gap-default\">\n\t\t\t\t\t<div class=\"elementor-column elementor-col-100 elementor-top-column elementor-element elementor-element-10c16cd\" data-id=\"10c16cd\" data-element_type=\"column\" data-e-type=\"column\">\n\t\t\t<div class=\"elementor-widget-wrap elementor-element-populated\">\n\t\t\t\t\t\t<div class=\"elementor-element elementor-element-a3083f0 elementor-widget elementor-widget-html\" data-id=\"a3083f0\" data-element_type=\"widget\" data-e-type=\"widget\" data-widget_type=\"html.default\">\n\t\t\t\t<div class=\"elementor-widget-container\">\n\t\t\t\t\t<section class=\"iav-about-hero\" style=\"--iav-about-bg:url('https:\/\/inacquaveritas.com\/wp-content\/uploads\/2025\/03\/Banner-In-Acqua-Veritas-SPA-Banhos-Romanos-.webp');\">\r\n  <div class=\"iav-about-hero__overlay\"><\/div>\r\n\r\n  <div class=\"iav-wrap\">\r\n    <div class=\"iav-about-hero__content\">\r\n      <span class=\"iav-premium-kicker\">Dans Acqua Veritas \u00b7 \u00c9vora<\/span>\r\n      <h1>Qui Sommes-nous?<\/h1>\r\n      <p>\r\n        Un spa de bains romains dans le centre historique d'\u00c9vora, cr\u00e9\u00e9 pour unir le patrimoine, le bien-\u00eatre et les exp\u00e9riences exclusives.\r\n      <\/p>\r\n    <\/div>\r\n  <\/div>\r\n<\/section>\r\n\r\n<section class=\"iav-about-intro\">\r\n  <div class=\"iav-wrap\">\r\n    <div class=\"iav-about-intro__box\">\r\n      <span class=\"iav-premium-kicker\">Notre essence<\/span>\r\n      <h2>Un refuge inspir\u00e9 de la tradition des bains romains<\/h2>\r\n      <p class=\"translation-block\">Le <span><strong>In Acqua Veritas<\/strong><\/span> s'inspire des traditions romaines en mati\u00e8re de bains. Sa mission principale est de revitaliser ces anciennes traditions de bien-\u00eatre et de relaxation, en offrant une exp\u00e9rience unique qui combine l'histoire et la culture d'\u00c9vora avec des pratiques de spa modernes.<\/p>\r\n\r\n      <div class=\"iav-about-nav\">\r\n        <a href=\"#servicos\">Services<\/a>\r\n        <a href=\"#historia\">Histoire et mission<\/a>\r\n        <a href=\"#valores\">Valeurs<\/a>\r\n        <a href=\"#experiencias\">Exp\u00e9riences<\/a>\r\n      <\/div>\r\n    <\/div>\r\n  <\/div>\r\n<\/section>\r\n\r\n<section class=\"iav-about-services\" id=\"servicos\">\r\n  <div class=\"iav-wrap\">\r\n    <div class=\"iav-section-head\">\r\n      <span class=\"iav-premium-kicker\">Bien-\u00eatre exclusif<\/span>\r\n      <h2>Ce que l'on trouve dans In Acqua Veritas<\/h2>\r\n      <p>Services pens\u00e9s pour renouveler le corps, apaiser l'esprit et transformer chaque visite en un moment m\u00e9morable.<\/p>\r\n    <\/div>\r\n\r\n    <div class=\"iav-about-service-grid\">\r\n      <article>\r\n        <span>01<\/span>\r\n        <h3>Bains<\/h3>\r\n        <p>Plongez dans une exp\u00e9rience exclusive inspir\u00e9e des bains romains, o\u00f9 l'eau et les ar\u00f4mes cr\u00e9ent un havre de pure relaxation.<\/p>\r\n      <\/article>\r\n\r\n      <article>\r\n        <span>02<\/span>\r\n        <h3>Massages<\/h3>\r\n        <p>Ressentez le toucher pr\u00e9cis de nos th\u00e9rapies manuelles, con\u00e7ues pour soulager les tensions et procurer un bien-\u00eatre profond.<\/p>\r\n      <\/article>\r\n\r\n      <article>\r\n  <span>04<\/span>\r\n  <h3>Charcuterie<\/h3>\r\n  <p>\r\n    Saveurs r\u00e9gionales soigneusement s\u00e9lectionn\u00e9es pour compl\u00e9ter les exp\u00e9riences, cr\u00e9ant un moment de plaisir sensoriel.\r\n  <\/p>\r\n<\/article>\r\n\r\n      <article>\r\n        <span>04<\/span>\r\n        <h3>D\u00e9tente<\/h3>\r\n        <p>Profitez d'un voyage sensoriel unique, o\u00f9 chaque d\u00e9tail est con\u00e7u pour renouveler l'\u00e9nergie et harmoniser le corps et l'esprit.<\/p>\r\n      <\/article>\r\n    <\/div>\r\n  <\/div>\r\n<\/section>\r\n\r\n<section class=\"iav-about-story\" id=\"historia\">\r\n  <div class=\"iav-wrap iav-about-split\">\r\n    <div class=\"iav-about-split__media\">\r\n      <img decoding=\"async\" src=\"https:\/\/inacquaveritas.com\/wp-content\/uploads\/2025\/03\/Banner-In-Acqua-Veritas-SPA-Remodelacao-Historia.webp\" alt=\"Spa de banhos romanos In Acqua Veritas \u00e0 \u00c9vora\">\r\n    <\/div>\r\n\r\n    <div class=\"iav-about-split__content\">\r\n      <span class=\"iav-premium-kicker\">Histoire et mission<\/span>\r\n      <h2>Une exp\u00e9rience o\u00f9 l'histoire rencontre le bien-\u00eatre<\/h2>\r\n      <p class=\"translation-block\">Le <span><strong>In Acqua Veritas<\/strong><\/span> s'inspire des traditions romaines en mati\u00e8re de bains. Sa mission principale est de revitaliser ces anciennes traditions de bien-\u00eatre et de relaxation, en offrant une exp\u00e9rience unique qui combine l'histoire et la culture d'\u00c9vora avec des pratiques de spa modernes.<\/p>\r\n    <\/div>\r\n  <\/div>\r\n<\/section>\r\n\r\n<section class=\"iav-about-values\" id=\"valores\">\r\n  <div class=\"iav-wrap\">\r\n    <div class=\"iav-section-head\">\r\n      <span class=\"iav-premium-kicker\">Valeurs fondamentales<\/span>\r\n      <h2>Authenticit\u00e9, bien-\u00eatre et respect de l'histoire<\/h2>\r\n      <p>\r\n        Les valeurs d'In Acqua Veritas comprennent l'authenticit\u00e9, le bien-\u00eatre, la durabilit\u00e9 et le respect de l'histoire et de la culture locales.\r\n      <\/p>\r\n    <\/div>\r\n\r\n    <div class=\"iav-about-values-grid\">\r\n      <article>\r\n        <h3>Authenticit\u00e9<\/h3>\r\n        <p>Une exp\u00e9rience inspir\u00e9e de l'h\u00e9ritage romain, respectant l'identit\u00e9 historique d'\u00c9vora.<\/p>\r\n      <\/article>\r\n\r\n      <article>\r\n        <h3>Bien-\u00eatre<\/h3>\r\n        <p>Chaque d\u00e9tail est pens\u00e9 pour favoriser la s\u00e9r\u00e9nit\u00e9, la d\u00e9tente et le renouveau.<\/p>\r\n      <\/article>\r\n\r\n      <article>\r\n        <h3>Durabilit\u00e9<\/h3>\r\n        <p>Un engagement envers des pratiques responsables et le respect de l'espace environnant.<\/p>\r\n      <\/article>\r\n\r\n      <article>\r\n        <h3>Culture locale<\/h3>\r\n        <p>Un lien assum\u00e9 avec l'histoire, le patrimoine et l'environnement singulier d'\u00c9vora.<\/p>\r\n      <\/article>\r\n    <\/div>\r\n  <\/div>\r\n<\/section>\r\n\r\n<section class=\"iav-about-installations\">\r\n  <div class=\"iav-wrap\">\r\n    <div class=\"iav-about-editorial\">\r\n      <span class=\"iav-premium-kicker\">Installations<\/span>\r\n      <h2>Un environnement pens\u00e9 pour la paix, le recueillement et l'exclusivit\u00e9<\/h2>\r\n      <p class=\"translation-block\">Les installations de l'h\u00f4tel <span><strong>In Acqua Veritas<\/strong><\/span> sont con\u00e7ues pour refl\u00e9ter l'architecture et l'atmosph\u00e8re des bains romains. Avec des espaces \u00e9l\u00e9gamment d\u00e9cor\u00e9s et une atmosph\u00e8re tranquille, les installations sont con\u00e7ues pour promouvoir un sentiment de paix et d'isolement.<\/p>\r\n    <\/div>\r\n  <\/div>\r\n<\/section>\r\n\r\n<section class=\"iav-about-experiences\" id=\"experiencias\">\r\n  <div class=\"iav-wrap\">\r\n    <div class=\"iav-section-head\">\r\n      <span class=\"iav-premium-kicker\">Exp\u00e9riences<\/span>\r\n      <h2>Choisissez votre moment In Acqua Veritas<\/h2>\r\n      <p>\r\n        Toutes les exp\u00e9riences ont \u00e9t\u00e9 con\u00e7ues pour offrir bien-\u00eatre, exclusivit\u00e9\n        et une connexion sensorielle \u00e0 l'environnement unique des thermes romains.\r\n      <\/p>\r\n    <\/div>\r\n\r\n    <div class=\"iav-about-cta-row\">\r\n      <a class=\"iav-premium-btn iav-premium-btn--primary\" href=\"\/fr\/experiences\/\">Exp\u00e9rimentez des visions.<\/a>\r\n      <a class=\"iav-premium-btn iav-premium-btn--secondary\" href=\"\/fr\/boutique\/carte-cadeau\/\">Acheter une carte-cadeau<\/a>\r\n    <\/div>\r\n  <\/div>\r\n<\/section>\r\n\r\n<section class=\"iav-about-final-cta\">\r\n  <div class=\"iav-wrap\">\r\n    <div class=\"iav-about-final-cta__box\">\r\n      <span class=\"iav-premium-kicker\">Dans Acqua Veritas \u00b7 \u00c9vora<\/span>\r\n      <h2>Avez-vous d\u00e9j\u00e0 r\u00e9serv\u00e9 votre exp\u00e9rience ?<\/h2>\r\n      <p>\r\n        D\u00e9couvrez un spa unique au Portugal, inspir\u00e9 des bains romains et con\u00e7u pour des moments d'exclusivit\u00e9, de bien-\u00eatre et de souvenir.\r\n      <\/p>\r\n\r\n      <div class=\"iav-about-cta-row\">\r\n        <a class=\"iav-premium-btn iav-premium-btn--primary\" href=\"\/fr\/planifier-une-experience\/\">V\u00e9rifier la disponibilit\u00e9<\/a>\r\n        <a class=\"iav-premium-btn iav-premium-btn--secondary\" href=\"\/fr\/contact\/\">Contacter<\/a>\r\n      <\/div>\r\n    <\/div>\r\n  <\/div>\r\n<\/section>\t\t\t\t<\/div>\n\t\t\t\t<\/div>\n\t\t\t\t\t<\/div>\n\t\t<\/div>\n\t\t\t\t\t<\/div>\n\t\t<\/section>\n\t\t\t\t<\/div>","protected":false},"excerpt":{"rendered":"<p>In Acqua Veritas \u00b7 \u00c9vora Quem Somos Um spa de banhos romanos no centro hist\u00f3rico de \u00c9vora, criado para unir patrim\u00f3nio, bem-estar e experi\u00eancias exclusivas. A nossa ess\u00eancia Um ref\u00fagio inspirado na tradi\u00e7\u00e3o dos banhos romanos O In Acqua Veritas \u00e9 inspirado nas tradi\u00e7\u00f5es romanas de banhos. A sua principal miss\u00e3o \u00e9 revitalizar essas tradi\u00e7\u00f5es [&hellip;]<\/p>\n","protected":false},"author":1,"featured_media":11569,"parent":0,"menu_order":0,"comment_status":"closed","ping_status":"closed","template":"","meta":{"_acf_changed":false,"footnotes":""},"class_list":["post-11720","page","type-page","status-publish","has-post-thumbnail","hentry"],"acf":[],"_links":{"self":[{"href":"https:\/\/inacquaveritas.com\/fr\/wp-json\/wp\/v2\/pages\/11720","targetHints":{"allow":["GET"]}}],"collection":[{"href":"https:\/\/inacquaveritas.com\/fr\/wp-json\/wp\/v2\/pages"}],"about":[{"href":"https:\/\/inacquaveritas.com\/fr\/wp-json\/wp\/v2\/types\/page"}],"author":[{"embeddable":true,"href":"https:\/\/inacquaveritas.com\/fr\/wp-json\/wp\/v2\/users\/1"}],"replies":[{"embeddable":true,"href":"https:\/\/inacquaveritas.com\/fr\/wp-json\/wp\/v2\/comments?post=11720"}],"version-history":[{"count":16,"href":"https:\/\/inacquaveritas.com\/fr\/wp-json\/wp\/v2\/pages\/11720\/revisions"}],"predecessor-version":[{"id":14126,"href":"https:\/\/inacquaveritas.com\/fr\/wp-json\/wp\/v2\/pages\/11720\/revisions\/14126"}],"wp:featuredmedia":[{"embeddable":true,"href":"https:\/\/inacquaveritas.com\/fr\/wp-json\/wp\/v2\/media\/11569"}],"wp:attachment":[{"href":"https:\/\/inacquaveritas.com\/fr\/wp-json\/wp\/v2\/media?parent=11720"}],"curies":[{"name":"wp","href":"https:\/\/api.w.org\/{rel}","templated":true}]}}