{"id":11963,"date":"2025-03-10T14:27:59","date_gmt":"2025-03-10T14:27:59","guid":{"rendered":"https:\/\/inacquaveritas.com\/?post_type=product&#038;p=11963"},"modified":"2026-04-24T10:06:31","modified_gmt":"2026-04-24T09:06:31","slug":"circuito-de-los-banos-romanos","status":"publish","type":"product","link":"https:\/\/inacquaveritas.com\/es\/produto\/banhos-romanos-circuito\/","title":{"rendered":"BA\u00d1OS ROMANOS"},"content":{"rendered":"<p><strong>Incluye:<\/strong> ENTRADA A LA SALA DE BA\u00d1O<\/p>\n<p>Revitalice cuerpo y mente con nuestro exclusivo circuito de ba\u00f1os romanos. En esta experiencia \u00fanica, tendr\u00e1 acceso a una inmersiva y relajante sala de ba\u00f1o donde el tiempo parece retroceder. El circuito consta de tres piscinas a diferentes temperaturas, inspiradas en los antiguos rituales romanos, para un tratamiento profundo y revitalizante.<\/p>\n<p>Comienzo en <strong>Tepidario<\/strong>, con una temperatura templada de <strong>32\u00b0C<\/strong>. Esta piscina de aguas relajantes se complementa con chorros de hidromasaje dirigidos a varias partes del cuerpo, ayudando a aliviar tensiones y a proporcionar una relajaci\u00f3n completa.<\/p>\n<p>A continuaci\u00f3n, disfrute del <strong>Caldarium<\/strong>, calentado a <strong>40\u00baC<\/strong>, que favorece la vasodilataci\u00f3n y abre los poros de la piel, promoviendo una sensaci\u00f3n de ligereza y bienestar. Aqu\u00ed, una fuente cuidadosamente posicionada para la zona de los hombros, cervical y espalda intensifica la relajaci\u00f3n y alivia el cansancio acumulado en estas \u00e1reas.<\/p>\n<p>Para completar el circuito, el <strong>Frigidarium<\/strong>, con una agua vigorizante de <strong>19\u00baC<\/strong>, Estimula el flujo sangu\u00edneo y ofrece un efecto energizante inmediato. Esta etapa tambi\u00e9n es especialmente beneficiosa para la salud del cuero cabelludo, revitaliz\u00e1ndolo.<\/p>","protected":false},"excerpt":{"rendered":"<p><strong>Ba\u00f1os Romanos en \u00c9vora - experiencia exclusiva de bienestar en In Acqua Veritas.<\/strong><\/p>\n<p>Disfrute de un circuito termal inspirado en los rituales de la Antigua Roma, con acceso a la sala de ba\u00f1os compuesta por tres piscinas a diferentes temperaturas: <strong>Tepidario (32\u00baC)<\/strong>, <strong>Caldarium (40\u00baC)<\/strong> e <strong>Frigidarium (19\u00baC)<\/strong>.<\/p>\n<p>Una experiencia pensada para relajar, revitalizar y proporcionar un momento \u00fanico de equilibrio entre cuerpo y mente, en un ambiente intimista y totalmente exclusivo.<\/p>","protected":false},"featured_media":11578,"comment_status":"closed","ping_status":"closed","template":"","meta":{"_acf_changed":false},"product_brand":[],"product_cat":[114],"product_tag":[],"class_list":{"0":"post-11963","1":"product","2":"type-product","3":"status-publish","4":"has-post-thumbnail","6":"product_cat-banhos-romanos","8":"first","9":"instock","10":"virtual","11":"taxable","12":"purchasable","13":"product-type-simple"},"acf":[],"_links":{"self":[{"href":"https:\/\/inacquaveritas.com\/es\/wp-json\/wp\/v2\/product\/11963","targetHints":{"allow":["GET"]}}],"collection":[{"href":"https:\/\/inacquaveritas.com\/es\/wp-json\/wp\/v2\/product"}],"about":[{"href":"https:\/\/inacquaveritas.com\/es\/wp-json\/wp\/v2\/types\/product"}],"replies":[{"embeddable":true,"href":"https:\/\/inacquaveritas.com\/es\/wp-json\/wp\/v2\/comments?post=11963"}],"version-history":[{"count":4,"href":"https:\/\/inacquaveritas.com\/es\/wp-json\/wp\/v2\/product\/11963\/revisions"}],"predecessor-version":[{"id":12544,"href":"https:\/\/inacquaveritas.com\/es\/wp-json\/wp\/v2\/product\/11963\/revisions\/12544"}],"wp:featuredmedia":[{"embeddable":true,"href":"https:\/\/inacquaveritas.com\/es\/wp-json\/wp\/v2\/media\/11578"}],"wp:attachment":[{"href":"https:\/\/inacquaveritas.com\/es\/wp-json\/wp\/v2\/media?parent=11963"}],"wp:term":[{"taxonomy":"product_brand","embeddable":true,"href":"https:\/\/inacquaveritas.com\/es\/wp-json\/wp\/v2\/product_brand?post=11963"},{"taxonomy":"product_cat","embeddable":true,"href":"https:\/\/inacquaveritas.com\/es\/wp-json\/wp\/v2\/product_cat?post=11963"},{"taxonomy":"product_tag","embeddable":true,"href":"https:\/\/inacquaveritas.com\/es\/wp-json\/wp\/v2\/product_tag?post=11963"}],"curies":[{"name":"wp","href":"https:\/\/api.w.org\/{rel}","templated":true}]}}