{"id":11961,"date":"2025-03-10T14:22:55","date_gmt":"2025-03-10T14:22:55","guid":{"rendered":"https:\/\/inacquaveritas.com\/?post_type=product&#038;p=11961"},"modified":"2026-04-24T10:18:51","modified_gmt":"2026-04-24T09:18:51","slug":"commodus-et-bacchus","status":"publish","type":"product","link":"https:\/\/inacquaveritas.com\/es\/produto\/commodus-et-bacchus\/","title":{"rendered":"COMMODUS ET BACCHUS"},"content":{"rendered":"<p><strong>Incluye:<\/strong> ENTRADA A LA SALA DE BA\u00d1OS + DEGUSTACI\u00d3N + MASAJE DE RELAJACI\u00d3N 60\u2032<\/p>\n<p>Disfrute de un verdadero ritual de <strong>relajaci\u00f3n y placer<\/strong> con la experiencia <strong>Commodus et Bacchus<\/strong>, que une lo mejor de nuestros tratamientos. Esta experiencia incluye <strong>acceso a la sala de ba\u00f1os romanos<\/strong>, una <strong>Masaje relajante de 60 minutos<\/strong> y una <strong>Degustaci\u00f3n con productos regionales<\/strong>, permitiendo experimentar un momento completo de bienestar.<\/p>\n<p>Comience su recorrido en <strong>sal\u00f3n de ba\u00f1os<\/strong>, donde el <strong>circuito de piscinas a distintas temperaturas<\/strong> o prepara para una experiencia de relajaci\u00f3n profunda. A continuaci\u00f3n, disfrute de una <strong>masaje realizado por terapeutas especializados<\/strong>, que ayudar\u00e1 a aliviar tensiones y a renovar el cuerpo y la mente.<\/p>\n<p>Para completar, del\u00e9itese con una <strong>selecci\u00f3n de sabores aut\u00e9nticos de la regi\u00f3n<\/strong>, n\u00famero <strong>ambiente \u00fanico con vista a las piscinas<\/strong>, que convida al placer y a la contemplaci\u00f3n.<\/p>\n<p>La experiencia <strong>Commodus et Bacchus<\/strong> es la invitaci\u00f3n ideal para quien busca <strong>Relajaci\u00f3n absoluta<\/strong> y una <strong>experiencia sensorial memorable<\/strong>.<\/p>","protected":false},"excerpt":{"rendered":"<p><strong>Experiencia de spa en \u00c9vora con ba\u00f1os romanos, masaje de relajaci\u00f3n y degustaci\u00f3n regional.<\/strong><\/p>\n<p>O <strong>Commodus et Bacchus<\/strong> Combine el circuito de ba\u00f1os y el masaje de 60 minutos con una selecci\u00f3n de sabores aut\u00e9nticos, brindando un momento completo de bienestar, relajaci\u00f3n y placer sensorial.<\/p>\n<p>Una experiencia exclusiva en In Acqua Veritas, ideal para regalar o disfrutar de tiempo de calidad en un entorno \u00fanico en el centro hist\u00f3rico de \u00c9vora.<\/p>","protected":false},"featured_media":11601,"comment_status":"closed","ping_status":"closed","template":"","meta":{"_acf_changed":false},"product_brand":[],"product_cat":[114,142,141],"product_tag":[],"class_list":{"0":"post-11961","1":"product","2":"type-product","3":"status-publish","4":"has-post-thumbnail","6":"product_cat-banhos-romanos","7":"product_cat-degustacao","8":"product_cat-massagem","10":"first","11":"instock","12":"virtual","13":"taxable","14":"purchasable","15":"product-type-simple"},"acf":[],"_links":{"self":[{"href":"https:\/\/inacquaveritas.com\/es\/wp-json\/wp\/v2\/product\/11961","targetHints":{"allow":["GET"]}}],"collection":[{"href":"https:\/\/inacquaveritas.com\/es\/wp-json\/wp\/v2\/product"}],"about":[{"href":"https:\/\/inacquaveritas.com\/es\/wp-json\/wp\/v2\/types\/product"}],"replies":[{"embeddable":true,"href":"https:\/\/inacquaveritas.com\/es\/wp-json\/wp\/v2\/comments?post=11961"}],"version-history":[{"count":5,"href":"https:\/\/inacquaveritas.com\/es\/wp-json\/wp\/v2\/product\/11961\/revisions"}],"predecessor-version":[{"id":13969,"href":"https:\/\/inacquaveritas.com\/es\/wp-json\/wp\/v2\/product\/11961\/revisions\/13969"}],"wp:featuredmedia":[{"embeddable":true,"href":"https:\/\/inacquaveritas.com\/es\/wp-json\/wp\/v2\/media\/11601"}],"wp:attachment":[{"href":"https:\/\/inacquaveritas.com\/es\/wp-json\/wp\/v2\/media?parent=11961"}],"wp:term":[{"taxonomy":"product_brand","embeddable":true,"href":"https:\/\/inacquaveritas.com\/es\/wp-json\/wp\/v2\/product_brand?post=11961"},{"taxonomy":"product_cat","embeddable":true,"href":"https:\/\/inacquaveritas.com\/es\/wp-json\/wp\/v2\/product_cat?post=11961"},{"taxonomy":"product_tag","embeddable":true,"href":"https:\/\/inacquaveritas.com\/es\/wp-json\/wp\/v2\/product_tag?post=11961"}],"curies":[{"name":"wp","href":"https:\/\/api.w.org\/{rel}","templated":true}]}}