{"id":11953,"date":"2025-03-10T12:48:09","date_gmt":"2025-03-10T12:48:09","guid":{"rendered":"https:\/\/inacquaveritas.com\/?post_type=product&#038;p=11953"},"modified":"2026-04-24T10:27:25","modified_gmt":"2026-04-24T09:27:25","slug":"venus-entrada-bano-sala-masaje-exfoliacion","status":"publish","type":"product","link":"https:\/\/inacquaveritas.com\/es\/produto\/venus-entrada-sala-banhos-massagem-esfoliacao\/","title":{"rendered":"VENUS"},"content":{"rendered":"<p><strong>Incluye:<\/strong> ENTRADA A LA SALA DE BA\u00d1O + MASAJE EXFOLIANTE DE 60\u2032.<\/p>\n<p>Descubra la esencia de <strong>belleza y relajaci\u00f3n<\/strong> con la experiencia <strong>Venus<\/strong>, que combina el acceso a nuestra <strong>sala de ba\u00f1os romanos<\/strong> con una <strong>masaje exfoliante de sesenta minutos<\/strong>. Este tratamiento fue cuidadosamente elaborado para <strong>renovar a Pel\u00e9<\/strong>, aliviar tensiones y proporcionar una sensaci\u00f3n de completo bienestar.<\/p>\n<p>Inicie la experiencia en <strong>sal\u00f3n de ba\u00f1os<\/strong>, donde el <strong>circuito de piscinas a distintas temperaturas<\/strong> prepara el cuerpo para una inmersi\u00f3n profunda en el relajamiento. Las aguas terap\u00e9uticas ayudan a <strong>Desintoxicar e hidratar la piel<\/strong>, preparando el escenario perfecto para el masaje exfoliante.<\/p>\n<p>Durante la <strong>masaje de sesenta minutos<\/strong>, nuestros terapeutas especializados utilizan <strong>t\u00e9cnicas de exfoliaci\u00f3n<\/strong> que remueven c\u00e9lulas muertas, estimulan la circulaci\u00f3n sangu\u00ednea y promueven la renovaci\u00f3n celular. Este proceso revitaliza la piel, dej\u00e1ndola <strong>suave y luminosa<\/strong>, y alivia las tensiones musculares, proporcionando una sensaci\u00f3n de ligereza y rejuvenecimiento.<\/p>\n<p>La experiencia <strong>Venus<\/strong> es ideal para quien desea cuidar la piel mientras disfruta de momentos de <strong>tranquilidad y revitalizaci\u00f3n<\/strong>. Perm\u00edtase este ritual de belleza y bienestar, donde cada detalle est\u00e1 pensado para armonizar cuerpo y mente, dej\u00e1ndolo renovado y radiante.<\/p>","protected":false},"excerpt":{"rendered":"<p><strong>Experiencia de spa en \u00c9vora con ba\u00f1os romanos y masaje exfoliante de 60 minutos.<\/strong><\/p>\n<p>La experiencia <strong>Venus<\/strong> combina el acceso <strong>Circuito de las termas romanas<\/strong> con una <strong>masaje exfoliante<\/strong>, pensada para renovar la piel, aliviar tensiones y proporcionar bienestar completo.<\/p>\n<p>Un ritual exclusivo en <strong>In Acqua Veritas<\/strong>, ideal para ofrecer o disfrutar de un momento de belleza, relajaci\u00f3n y revitalizaci\u00f3n en el centro hist\u00f3rico de \u00c9vora.<\/p>","protected":false},"featured_media":11590,"comment_status":"closed","ping_status":"closed","template":"","meta":{"_acf_changed":false},"product_brand":[],"product_cat":[114,143],"product_tag":[],"class_list":{"0":"post-11953","1":"product","2":"type-product","3":"status-publish","4":"has-post-thumbnail","6":"product_cat-banhos-romanos","7":"product_cat-massagem-esfoliacao","9":"first","10":"instock","11":"virtual","12":"taxable","13":"purchasable","14":"product-type-simple"},"acf":[],"_links":{"self":[{"href":"https:\/\/inacquaveritas.com\/es\/wp-json\/wp\/v2\/product\/11953","targetHints":{"allow":["GET"]}}],"collection":[{"href":"https:\/\/inacquaveritas.com\/es\/wp-json\/wp\/v2\/product"}],"about":[{"href":"https:\/\/inacquaveritas.com\/es\/wp-json\/wp\/v2\/types\/product"}],"replies":[{"embeddable":true,"href":"https:\/\/inacquaveritas.com\/es\/wp-json\/wp\/v2\/comments?post=11953"}],"version-history":[{"count":4,"href":"https:\/\/inacquaveritas.com\/es\/wp-json\/wp\/v2\/product\/11953\/revisions"}],"predecessor-version":[{"id":13972,"href":"https:\/\/inacquaveritas.com\/es\/wp-json\/wp\/v2\/product\/11953\/revisions\/13972"}],"wp:featuredmedia":[{"embeddable":true,"href":"https:\/\/inacquaveritas.com\/es\/wp-json\/wp\/v2\/media\/11590"}],"wp:attachment":[{"href":"https:\/\/inacquaveritas.com\/es\/wp-json\/wp\/v2\/media?parent=11953"}],"wp:term":[{"taxonomy":"product_brand","embeddable":true,"href":"https:\/\/inacquaveritas.com\/es\/wp-json\/wp\/v2\/product_brand?post=11953"},{"taxonomy":"product_cat","embeddable":true,"href":"https:\/\/inacquaveritas.com\/es\/wp-json\/wp\/v2\/product_cat?post=11953"},{"taxonomy":"product_tag","embeddable":true,"href":"https:\/\/inacquaveritas.com\/es\/wp-json\/wp\/v2\/product_tag?post=11953"}],"curies":[{"name":"wp","href":"https:\/\/api.w.org\/{rel}","templated":true}]}}