{"id":11950,"date":"2025-03-10T12:43:11","date_gmt":"2025-03-10T12:43:11","guid":{"rendered":"https:\/\/inacquaveritas.com\/?post_type=product&#038;p=11950"},"modified":"2026-05-11T17:46:27","modified_gmt":"2026-05-11T16:46:27","slug":"volcanus-maximus-et-bacchus","status":"publish","type":"product","link":"https:\/\/inacquaveritas.com\/es\/produto\/vulcanus-maximus-et-bacchus\/","title":{"rendered":"VULCANUS MAXIMUS ET BACCHUS"},"content":{"rendered":"<p><strong>Incluye:<\/strong> ENTRADA A LA SALA DE BA\u00d1OS + DEGUSTACI\u00d3N + MASAJE DE PIEDRAS CALIENTES 90\u2032<\/p>\n<p>Perm\u00edtase una <strong>Una experiencia verdaderamente transformadora<\/strong> con <strong>Vulcanus Maximus et Bacchus<\/strong>, un ritual completo de relajaci\u00f3n y placer que combina <strong>acceso a la sala de ba\u00f1os romanos<\/strong>, una <strong>masaje con piedras calientes de 90 minutos<\/strong> y una <strong>degustaci\u00f3n exclusiva con productos regionales<\/strong>.<\/p>\n<p>Comience esta experiencia en <strong>Circuito de las termas romanas<\/strong>, donde las aguas a diferentes temperaturas relajan el cuerpo, preparan los m\u00fasculos y mejoran la circulaci\u00f3n, creando las condiciones ideales para un tratamiento profundo. Acto seguido, entr\u00e9guese a una <strong>masaje con piedras volc\u00e1nicas calientes durante 90 minutos<\/strong>, dise\u00f1ada para aliviar tensiones persistentes, equilibrar el flujo de energ\u00eda y proporcionar un relajamiento duradero.<\/p>\n<p>Para completar esto <strong>experiencia sensorial<\/strong>, disfrute de una selecci\u00f3n de <strong>Sabores regionales<\/strong> con una degustaci\u00f3n que eleva el momento, combinando el placer de la buena gastronom\u00eda con el tranquilo entorno de las piscinas.<\/p>\n<p>O <strong>Vulcanus Maximus et Bacchus<\/strong> es el tratamiento perfecto para quien busca la c\u00faspide del bienestar, uniendo el <strong>calor terap\u00e9utico de las piedras<\/strong>, o <strong>relajaci\u00f3n de las aguas<\/strong> y el placer de los sabores locales, para un momento inolvidable de total rejuvenecimiento.<\/p>","protected":false},"excerpt":{"rendered":"<p><strong>Experiencia de spa en \u00c9vora con ba\u00f1os romanos, degustaci\u00f3n regional y masaje de 90 minutos con piedras calientes.<\/strong><\/p>\n<p>O <strong>Vulcanus Maximus et Bacchus<\/strong> combina el acceso <strong>Circuito de las termas romanas<\/strong>, una <strong>masaje con piedras calientes<\/strong> prolongada y un <strong>Degustaci\u00f3n con productos regionales<\/strong>, proporcionando relajaci\u00f3n profunda y placer sensorial.<\/p>\n<p>Una experiencia exclusiva en <strong>In Acqua Veritas<\/strong>, ideal para ofrecerse o disfrutar de un ritual completo de bienestar en el centro hist\u00f3rico de \u00c9vora.<\/p>","protected":false},"featured_media":11591,"comment_status":"closed","ping_status":"closed","template":"","meta":{"_acf_changed":false},"product_brand":[],"product_cat":[324],"product_tag":[],"class_list":{"0":"post-11950","1":"product","2":"type-product","3":"status-publish","4":"has-post-thumbnail","6":"product_cat-experiencias-para-reserva","8":"first","9":"instock","10":"virtual","11":"taxable","12":"purchasable","13":"product-type-simple"},"acf":[],"_links":{"self":[{"href":"https:\/\/inacquaveritas.com\/es\/wp-json\/wp\/v2\/product\/11950","targetHints":{"allow":["GET"]}}],"collection":[{"href":"https:\/\/inacquaveritas.com\/es\/wp-json\/wp\/v2\/product"}],"about":[{"href":"https:\/\/inacquaveritas.com\/es\/wp-json\/wp\/v2\/types\/product"}],"replies":[{"embeddable":true,"href":"https:\/\/inacquaveritas.com\/es\/wp-json\/wp\/v2\/comments?post=11950"}],"version-history":[{"count":3,"href":"https:\/\/inacquaveritas.com\/es\/wp-json\/wp\/v2\/product\/11950\/revisions"}],"predecessor-version":[{"id":13973,"href":"https:\/\/inacquaveritas.com\/es\/wp-json\/wp\/v2\/product\/11950\/revisions\/13973"}],"wp:featuredmedia":[{"embeddable":true,"href":"https:\/\/inacquaveritas.com\/es\/wp-json\/wp\/v2\/media\/11591"}],"wp:attachment":[{"href":"https:\/\/inacquaveritas.com\/es\/wp-json\/wp\/v2\/media?parent=11950"}],"wp:term":[{"taxonomy":"product_brand","embeddable":true,"href":"https:\/\/inacquaveritas.com\/es\/wp-json\/wp\/v2\/product_brand?post=11950"},{"taxonomy":"product_cat","embeddable":true,"href":"https:\/\/inacquaveritas.com\/es\/wp-json\/wp\/v2\/product_cat?post=11950"},{"taxonomy":"product_tag","embeddable":true,"href":"https:\/\/inacquaveritas.com\/es\/wp-json\/wp\/v2\/product_tag?post=11950"}],"curies":[{"name":"wp","href":"https:\/\/api.w.org\/{rel}","templated":true}]}}