{"id":11944,"date":"2025-03-10T12:29:35","date_gmt":"2025-03-10T12:29:35","guid":{"rendered":"https:\/\/inacquaveritas.com\/?post_type=product&#038;p=11944"},"modified":"2026-04-24T10:40:13","modified_gmt":"2026-04-24T09:40:13","slug":"bano-de-entrada-vulcanus-masaje-con-piedras-calientes","status":"publish","type":"product","link":"https:\/\/inacquaveritas.com\/es\/produto\/vulcanus-entrada-sala-banhos-massagem-pedras-quentes\/","title":{"rendered":"VULCANUS"},"content":{"rendered":"<p><strong>Incluye:<\/strong> ENTRADA A LA SALA DE BA\u00d1O + MASAJE CON PIEDRAS CALIENTES 60\u2032.<\/p>\n<p>Experimente el <strong>Poder regenerador del calor<\/strong> con la experiencia <strong>Vulcanus<\/strong>, que combina el acceso a nuestra <strong>sala de ba\u00f1os romanos<\/strong> con una <strong>Masaje de piedras calientes de 60 minutos<\/strong>, ideal para aliviar tensiones profundas y promover una relajaci\u00f3n intensa.<\/p>\n<p>Inicie esta experiencia de bienestar en <strong>sal\u00f3n de ba\u00f1os<\/strong>, donde las aguas de diferentes temperaturas relajan y preparan los m\u00fasculos para el masaje. Tras el circuito, entr\u00e9guese a <strong>masaje con piedras volc\u00e1nicas calientes<\/strong>, cuidadosamente posicionadas en puntos estrat\u00e9gicos del cuerpo para liberar tensiones acumuladas y revitalizar el flujo de energ\u00eda.<\/p>\n<p>La experiencia <strong>Vulcanus<\/strong> es perfecta para quien busca un <strong>tratamiento relajante y terap\u00e9utico<\/strong>, unir la tradici\u00f3n de los ba\u00f1os romanos al poder reconfortante de las piedras calientes, para una sensaci\u00f3n duradera de equilibrio y serenidad.<\/p>","protected":false},"excerpt":{"rendered":"<p><strong>Experiencia de spa en \u00c9vora con ba\u00f1os romanos y masaje con piedras calientes de 60 minutos.<\/strong><\/p>\n<p>La experiencia <strong>Vulcanus<\/strong> combina el acceso <strong>Circuito de las termas romanas<\/strong> con una <strong>masaje de piedras calientes<\/strong>, pensada para aliviar tensiones profundas, relajar el cuerpo y promover el equilibrio.<\/p>\n<p>Un ritual exclusivo en <strong>In Acqua Veritas<\/strong>, ideal para ofrecer o disfrutar de un tratamiento relajante y terap\u00e9utico en el centro hist\u00f3rico de \u00c9vora.<\/p>","protected":false},"featured_media":11561,"comment_status":"closed","ping_status":"closed","template":"","meta":{"_acf_changed":false},"product_brand":[],"product_cat":[114,226],"product_tag":[],"class_list":{"0":"post-11944","1":"product","2":"type-product","3":"status-publish","4":"has-post-thumbnail","6":"product_cat-banhos-romanos","7":"product_cat-massagem-pedras-quentes","9":"first","10":"instock","11":"virtual","12":"taxable","13":"purchasable","14":"product-type-simple"},"acf":[],"_links":{"self":[{"href":"https:\/\/inacquaveritas.com\/es\/wp-json\/wp\/v2\/product\/11944","targetHints":{"allow":["GET"]}}],"collection":[{"href":"https:\/\/inacquaveritas.com\/es\/wp-json\/wp\/v2\/product"}],"about":[{"href":"https:\/\/inacquaveritas.com\/es\/wp-json\/wp\/v2\/types\/product"}],"replies":[{"embeddable":true,"href":"https:\/\/inacquaveritas.com\/es\/wp-json\/wp\/v2\/comments?post=11944"}],"version-history":[{"count":3,"href":"https:\/\/inacquaveritas.com\/es\/wp-json\/wp\/v2\/product\/11944\/revisions"}],"predecessor-version":[{"id":13975,"href":"https:\/\/inacquaveritas.com\/es\/wp-json\/wp\/v2\/product\/11944\/revisions\/13975"}],"wp:featuredmedia":[{"embeddable":true,"href":"https:\/\/inacquaveritas.com\/es\/wp-json\/wp\/v2\/media\/11561"}],"wp:attachment":[{"href":"https:\/\/inacquaveritas.com\/es\/wp-json\/wp\/v2\/media?parent=11944"}],"wp:term":[{"taxonomy":"product_brand","embeddable":true,"href":"https:\/\/inacquaveritas.com\/es\/wp-json\/wp\/v2\/product_brand?post=11944"},{"taxonomy":"product_cat","embeddable":true,"href":"https:\/\/inacquaveritas.com\/es\/wp-json\/wp\/v2\/product_cat?post=11944"},{"taxonomy":"product_tag","embeddable":true,"href":"https:\/\/inacquaveritas.com\/es\/wp-json\/wp\/v2\/product_tag?post=11944"}],"curies":[{"name":"wp","href":"https:\/\/api.w.org\/{rel}","templated":true}]}}