{"id":11938,"date":"2025-03-10T12:04:43","date_gmt":"2025-03-10T12:04:43","guid":{"rendered":"https:\/\/inacquaveritas.com\/?post_type=product&#038;p=11938"},"modified":"2026-04-24T10:47:49","modified_gmt":"2026-04-24T09:47:49","slug":"bacchus-entrada-bano-sala-de-degustacion","status":"publish","type":"product","link":"https:\/\/inacquaveritas.com\/es\/produto\/bacchus-entrada-sala-banhos-degustacao\/","title":{"rendered":"BACCHUS"},"content":{"rendered":"<p><strong>Incluye:<\/strong> ENTRADA A LA SALA DE BA\u00d1O + DEGUSTACI\u00d3N<\/p>\n<p>Sum\u00e9rjase en una <strong>experiencia sensorial \u00fanica<\/strong> con el ritual <strong>Bacchus<\/strong>, donde se unen el relajamiento y el placer gastron\u00f3mico. Esta experiencia incluye acceso a nuestra <strong>sala de ba\u00f1os romanos<\/strong> y una <strong>degustaci\u00f3n cuidadosamente seleccionada de productos regionales<\/strong>, podr\u00e1 saborear mientras contempla las tranquilas piscinas a su alrededor.<\/p>\n<p>En este escenario acogedor, inspirado en las <strong>tradiciones y placeres romanos<\/strong>, Encontrar\u00e1 un equilibrio perfecto entre <strong>bienestar f\u00edsico<\/strong> y <strong>placer de los sentidos<\/strong>. Aproveche el momento para relajarse profundamente en las aguas termales y, al mismo tiempo, deleitarse con sabores aut\u00e9nticos de la regi\u00f3n, armonizando la experiencia de los ba\u00f1os con el refinamiento de la degustaci\u00f3n.<\/p>\n<p>Una celebraci\u00f3n al estilo romano, donde podr\u00e1 disfrutar de un <strong>Entorno \u00fanico y atemporal<\/strong>, concepido para revitalizar el cuerpo y enriquecer el alma.<\/p>","protected":false},"excerpt":{"rendered":"<p><strong>Experiencia de spa en \u00c9vora con ba\u00f1os romanos y degustaci\u00f3n de productos regionales.<\/strong><\/p>\n<p>O <strong>Bacchus<\/strong> combina el acceso <strong>Circuito de las termas romanas<\/strong> con una <strong>degustaci\u00f3n regional<\/strong>, creando un momento sensorial de relajaci\u00f3n, bienestar y placer gastron\u00f3mico.<\/p>\n<p>Una experiencia exclusiva en <strong>In Acqua Veritas<\/strong>, ideal para ofrecer o disfrutar de sabores aut\u00e9nticos en un ambiente inspirado en los rituales romanos, en el centro hist\u00f3rico de \u00c9vora.<\/p>","protected":false},"featured_media":11541,"comment_status":"closed","ping_status":"closed","template":"","meta":{"_acf_changed":false},"product_brand":[],"product_cat":[114,142],"product_tag":[],"class_list":{"0":"post-11938","1":"product","2":"type-product","3":"status-publish","4":"has-post-thumbnail","6":"product_cat-banhos-romanos","7":"product_cat-degustacao","9":"first","10":"instock","11":"virtual","12":"taxable","13":"purchasable","14":"product-type-simple"},"acf":[],"_links":{"self":[{"href":"https:\/\/inacquaveritas.com\/es\/wp-json\/wp\/v2\/product\/11938","targetHints":{"allow":["GET"]}}],"collection":[{"href":"https:\/\/inacquaveritas.com\/es\/wp-json\/wp\/v2\/product"}],"about":[{"href":"https:\/\/inacquaveritas.com\/es\/wp-json\/wp\/v2\/types\/product"}],"replies":[{"embeddable":true,"href":"https:\/\/inacquaveritas.com\/es\/wp-json\/wp\/v2\/comments?post=11938"}],"version-history":[{"count":3,"href":"https:\/\/inacquaveritas.com\/es\/wp-json\/wp\/v2\/product\/11938\/revisions"}],"predecessor-version":[{"id":13978,"href":"https:\/\/inacquaveritas.com\/es\/wp-json\/wp\/v2\/product\/11938\/revisions\/13978"}],"wp:featuredmedia":[{"embeddable":true,"href":"https:\/\/inacquaveritas.com\/es\/wp-json\/wp\/v2\/media\/11541"}],"wp:attachment":[{"href":"https:\/\/inacquaveritas.com\/es\/wp-json\/wp\/v2\/media?parent=11938"}],"wp:term":[{"taxonomy":"product_brand","embeddable":true,"href":"https:\/\/inacquaveritas.com\/es\/wp-json\/wp\/v2\/product_brand?post=11938"},{"taxonomy":"product_cat","embeddable":true,"href":"https:\/\/inacquaveritas.com\/es\/wp-json\/wp\/v2\/product_cat?post=11938"},{"taxonomy":"product_tag","embeddable":true,"href":"https:\/\/inacquaveritas.com\/es\/wp-json\/wp\/v2\/product_tag?post=11938"}],"curies":[{"name":"wp","href":"https:\/\/api.w.org\/{rel}","templated":true}]}}