{"id":11833,"date":"2025-03-05T17:13:31","date_gmt":"2025-03-05T17:13:31","guid":{"rendered":"https:\/\/inacquaveritas.com\/?post_type=product&#038;p=11833"},"modified":"2026-04-24T11:00:17","modified_gmt":"2026-04-24T10:00:17","slug":"commodus-maximus-et-bacchus","status":"publish","type":"product","link":"https:\/\/inacquaveritas.com\/es\/produto\/commodus-maximus-et-bacchus\/","title":{"rendered":"COMMODUS MAXIMUS ET BACCHUS"},"content":{"rendered":"<p><strong>Incluye:<\/strong> ENTRADA AL SAL\u00d3N DE BA\u00d1OS + DEGUSTACI\u00d3N + MASAJE DE RELAJACI\u00d3N 90'<\/p>\n<p>Perm\u00edtase una <strong>una experiencia de relajaci\u00f3n inigualable<\/strong> con el paquete <strong>Commodus Maximus et Bacchus<\/strong>. Esta experiencia \u00fanica combina lo mejor de nuestros servicios: <strong>acceso a la sala de ba\u00f1os romanos<\/strong>, una <strong>masaje intensivo de 90 minutos<\/strong> y una <strong>degustaci\u00f3n creada con productos regionales<\/strong>.<\/p>\n<p>Comience su ritual de bienestar en <strong>circuito de ba\u00f1os<\/strong>, donde podr\u00e1 relajarse en las piscinas de temperaturas variadas, inspiradas en la tradici\u00f3n romana, preparando el cuerpo y la mente para un estado de total tranquilidad. A continuaci\u00f3n, entr\u00e9guese a un <strong>Masaje de noventa minutos<\/strong>, ideal para aliviar las tensiones m\u00e1s profundas y proporcionar una sensaci\u00f3n duradera de equilibrio y bienestar.<\/p>\n<p>Para completar la experiencia, saboree una <strong>selecci\u00f3n de productos regionales<\/strong>, en el momento de <strong>degustaci\u00f3n exclusiva con vista a las piscinas<\/strong>, que enriquecer\u00e1 los sentidos y transformar\u00e1 esta experiencia en algo verdaderamente memorable.<\/p>\n<p>O <strong>Commodus Maximus et Bacchus<\/strong> es el colmo del bienestar, combinando <strong>relajaci\u00f3n<\/strong>, <strong>Rejuvenecimiento<\/strong> e <strong>placer sensorial<\/strong>, todo pensado para quien busca un momento inolvidable y profundamente restaurador.<\/p>","protected":false},"excerpt":{"rendered":"<p><strong>Experiencia de spa en \u00c9vora con ba\u00f1os romanos, masaje de relajaci\u00f3n de 90 minutos y degustaci\u00f3n regional.<\/strong><\/p>\n<p>O <strong>Commodus Maximus et Bacchus<\/strong> combina el acceso <strong>Circuito de las termas romanas<\/strong>, una <strong>masaje intensivo de 90 minutos<\/strong> y una <strong>Degustaci\u00f3n con productos regionales<\/strong>, proporcionando relajaci\u00f3n profunda, equilibrio y placer sensorial.<\/p>\n<p>Una experiencia exclusiva en <strong>In Acqua Veritas<\/strong>, ideal para ofrecerse o disfrutar de un ritual completo de bienestar en el centro hist\u00f3rico de \u00c9vora.<\/p>","protected":false},"featured_media":11575,"comment_status":"closed","ping_status":"closed","template":"","meta":{"_acf_changed":false},"product_brand":[],"product_cat":[114,142,141],"product_tag":[],"class_list":{"0":"post-11833","1":"product","2":"type-product","3":"status-publish","4":"has-post-thumbnail","6":"product_cat-banhos-romanos","7":"product_cat-degustacao","8":"product_cat-massagem","10":"first","11":"instock","12":"virtual","13":"taxable","14":"purchasable","15":"product-type-simple"},"acf":[],"_links":{"self":[{"href":"https:\/\/inacquaveritas.com\/es\/wp-json\/wp\/v2\/product\/11833","targetHints":{"allow":["GET"]}}],"collection":[{"href":"https:\/\/inacquaveritas.com\/es\/wp-json\/wp\/v2\/product"}],"about":[{"href":"https:\/\/inacquaveritas.com\/es\/wp-json\/wp\/v2\/types\/product"}],"replies":[{"embeddable":true,"href":"https:\/\/inacquaveritas.com\/es\/wp-json\/wp\/v2\/comments?post=11833"}],"version-history":[{"count":4,"href":"https:\/\/inacquaveritas.com\/es\/wp-json\/wp\/v2\/product\/11833\/revisions"}],"predecessor-version":[{"id":13983,"href":"https:\/\/inacquaveritas.com\/es\/wp-json\/wp\/v2\/product\/11833\/revisions\/13983"}],"wp:featuredmedia":[{"embeddable":true,"href":"https:\/\/inacquaveritas.com\/es\/wp-json\/wp\/v2\/media\/11575"}],"wp:attachment":[{"href":"https:\/\/inacquaveritas.com\/es\/wp-json\/wp\/v2\/media?parent=11833"}],"wp:term":[{"taxonomy":"product_brand","embeddable":true,"href":"https:\/\/inacquaveritas.com\/es\/wp-json\/wp\/v2\/product_brand?post=11833"},{"taxonomy":"product_cat","embeddable":true,"href":"https:\/\/inacquaveritas.com\/es\/wp-json\/wp\/v2\/product_cat?post=11833"},{"taxonomy":"product_tag","embeddable":true,"href":"https:\/\/inacquaveritas.com\/es\/wp-json\/wp\/v2\/product_tag?post=11833"}],"curies":[{"name":"wp","href":"https:\/\/api.w.org\/{rel}","templated":true}]}}