{"id":11825,"date":"2025-03-05T17:02:08","date_gmt":"2025-03-05T17:02:08","guid":{"rendered":"https:\/\/inacquaveritas.com\/?post_type=product&#038;p=11825"},"modified":"2026-04-24T11:04:19","modified_gmt":"2026-04-24T10:04:19","slug":"cupido","status":"publish","type":"product","link":"https:\/\/inacquaveritas.com\/es\/produto\/cupido\/","title":{"rendered":"CUPIDO"},"content":{"rendered":"<p><strong>Incluye:<\/strong> ENTRADA A LA SALA DE BA\u00d1OS + DEGUSTACI\u00d3N + MASAJE CON VELAS 60'<\/p>\n<p>D\u00e9jese envolver por el encanto de la experiencia. <strong>Cupido<\/strong>, un ritual con atractivo sensorial que incluye <strong>acceso a la sala de ba\u00f1os romanos<\/strong>, una <strong>Degustaci\u00f3n con productos regionales<\/strong> y una <strong>Masaje con velas arom\u00e1ticas de sesenta minutos<\/strong>. Pensada para proporcionar <strong>relajaci\u00f3n profunda<\/strong> Para despertar los sentidos, esta experiencia es ideal para quien desea un momento especial y sereno.<\/p>\n<p>Esta experiencia comienza en nuestra <strong>sal\u00f3n de ba\u00f1os<\/strong>, donde las piscinas de diferentes temperaturas ayudan a relajar el cuerpo y calmar la mente. A continuaci\u00f3n, del\u00e9itese con una <strong>selecci\u00f3n de sabores aut\u00e9nticos de la regi\u00f3n<\/strong>, en un ambiente acogedor y tranquilo que le invita a saborear cada momento.<\/p>\n<p>Para finalizar, entr\u00e9guese a una <strong>Masaje de sesenta minutos con velas arom\u00e1ticas<\/strong>, donde la cera caliente derretida de las velas se transforma en un aceite lujoso, aplicado suavemente para <strong>hidratar y nutrir la piel<\/strong>. Este masaje alivia las tensiones musculares y proporciona una sensaci\u00f3n de confort y bienestar duradero, envuelto en aromas suaves y acogedores.<\/p>\n<p>La experiencia <strong>Cupido<\/strong> es una invitaci\u00f3n a <strong>relajaci\u00f3n profunda<\/strong>, ideal para quienes buscan una experiencia \u00fanica, que despierta los sentidos y cuida el cuerpo.<\/p>","protected":false},"excerpt":{"rendered":"<p><strong>Experiencia de spa en \u00c9vora con ba\u00f1os romanos, degustaci\u00f3n regional y masaje con velas arom\u00e1ticas de 60 minutos.<\/strong><\/p>\n<p>La experiencia <strong>Cupido<\/strong> combina el acceso <strong>Circuito de las termas romanas<\/strong>, una <strong>Degustaci\u00f3n con productos regionales<\/strong> y una <strong>masaje con velas arom\u00e1ticas<\/strong>, proporcionando relajaci\u00f3n profunda, confort y placer sensorial.<\/p>\n<p>Una experiencia exclusiva en <strong>In Acqua Veritas<\/strong>, ideal para ofrecer o disfrutar de un momento especial de bienestar en el centro hist\u00f3rico de \u00c9vora.<\/p>","protected":false},"featured_media":11577,"comment_status":"closed","ping_status":"closed","template":"","meta":{"_acf_changed":false},"product_brand":[],"product_cat":[114,142,225],"product_tag":[],"class_list":{"0":"post-11825","1":"product","2":"type-product","3":"status-publish","4":"has-post-thumbnail","6":"product_cat-banhos-romanos","7":"product_cat-degustacao","8":"product_cat-massagem-velas","10":"first","11":"instock","12":"virtual","13":"taxable","14":"purchasable","15":"product-type-simple"},"acf":[],"_links":{"self":[{"href":"https:\/\/inacquaveritas.com\/es\/wp-json\/wp\/v2\/product\/11825","targetHints":{"allow":["GET"]}}],"collection":[{"href":"https:\/\/inacquaveritas.com\/es\/wp-json\/wp\/v2\/product"}],"about":[{"href":"https:\/\/inacquaveritas.com\/es\/wp-json\/wp\/v2\/types\/product"}],"replies":[{"embeddable":true,"href":"https:\/\/inacquaveritas.com\/es\/wp-json\/wp\/v2\/comments?post=11825"}],"version-history":[{"count":3,"href":"https:\/\/inacquaveritas.com\/es\/wp-json\/wp\/v2\/product\/11825\/revisions"}],"predecessor-version":[{"id":13984,"href":"https:\/\/inacquaveritas.com\/es\/wp-json\/wp\/v2\/product\/11825\/revisions\/13984"}],"wp:featuredmedia":[{"embeddable":true,"href":"https:\/\/inacquaveritas.com\/es\/wp-json\/wp\/v2\/media\/11577"}],"wp:attachment":[{"href":"https:\/\/inacquaveritas.com\/es\/wp-json\/wp\/v2\/media?parent=11825"}],"wp:term":[{"taxonomy":"product_brand","embeddable":true,"href":"https:\/\/inacquaveritas.com\/es\/wp-json\/wp\/v2\/product_brand?post=11825"},{"taxonomy":"product_cat","embeddable":true,"href":"https:\/\/inacquaveritas.com\/es\/wp-json\/wp\/v2\/product_cat?post=11825"},{"taxonomy":"product_tag","embeddable":true,"href":"https:\/\/inacquaveritas.com\/es\/wp-json\/wp\/v2\/product_tag?post=11825"}],"curies":[{"name":"wp","href":"https:\/\/api.w.org\/{rel}","templated":true}]}}