{"id":11823,"date":"2025-03-05T16:56:40","date_gmt":"2025-03-05T16:56:40","guid":{"rendered":"https:\/\/inacquaveritas.com\/?post_type=product&#038;p=11823"},"modified":"2026-04-24T11:09:34","modified_gmt":"2026-04-24T10:09:34","slug":"flagrantti-2","status":"publish","type":"product","link":"https:\/\/inacquaveritas.com\/es\/produto\/flagrantti-2\/","title":{"rendered":"FLAGRANTTI"},"content":{"rendered":"<p><strong>Incluye:<\/strong> ACCESO A LA SALA DE BA\u00d1OS + ESPUMOSO + TRUFAS + MASAJE CON VELAS 60\u2032<\/p>\n<p>Entregue-se a um <strong>Experiencia de lujo e indulgencia<\/strong> con la experiencia <strong>Flagrantti<\/strong>, un ritual exclusivo que combina el <strong>acceso a la sala de ba\u00f1os romanos<\/strong>, una <strong>Masaje con velas arom\u00e1ticas de sesenta minutos<\/strong> y una <strong>selecci\u00f3n sofisticada de espumoso y trufas<\/strong>. Una experiencia \u00fanica que encanta los sentidos y proporciona un momento de puro placer y relajaci\u00f3n.<\/p>\n<p>Comience la experiencia en <strong>sala de ba\u00f1os romanos<\/strong>, donde podr\u00e1 relajarse en las aguas y liberar las tensiones del d\u00eda. Tras este momento de serenidad, se servir\u00e1 <strong>espumoso y trufas<\/strong>, elevando el estado de \u00e1nimo y despertando los sentidos.<\/p>\n<p>La experiencia culmina en una <strong>Masaje de sesenta minutos con velas arom\u00e1ticas<\/strong>. La cera derretida de las velas, rica en nutrientes, se aplica con toques suaves para <strong>hidratar la piel<\/strong>, mientras los aromas delicados promueven una relajaci\u00f3n profunda. Este masaje proporciona alivio de las tensiones y deja la piel <strong>Suave y perfumada<\/strong>, creando una sensaci\u00f3n de bienestar total.<\/p>\n<p>La experiencia <strong>Flagrantti<\/strong> es perfecta para quien busca un <strong>momento de lujo y placer<\/strong>, en una experiencia verdaderamente memorable.<\/p>","protected":false},"excerpt":{"rendered":"<p><strong>Experiencia de spa en \u00c9vora con ba\u00f1os romanos, masaje con velas arom\u00e1ticas, espumoso y trufas.<\/strong><\/p>\n<p>La experiencia <strong>Flagrantti<\/strong> combina el acceso <strong>Circuito de las termas romanas<\/strong>, una <strong>Masaje con velas arom\u00e1ticas de sesenta minutos<\/strong> y una <strong>Degustaci\u00f3n premium con espumoso y trufas<\/strong>, proporcionando relajaci\u00f3n profunda y placer sensorial.<\/p>\n<p>Una experiencia exclusiva en <strong>In Acqua Veritas<\/strong>, ideal para ofrecer o disfrutar de un momento de lujo y bienestar en el centro hist\u00f3rico de \u00c9vora.<\/p>","protected":false},"featured_media":11576,"comment_status":"closed","ping_status":"closed","template":"","meta":{"_acf_changed":false},"product_brand":[],"product_cat":[114,142,225],"product_tag":[],"class_list":{"0":"post-11823","1":"product","2":"type-product","3":"status-publish","4":"has-post-thumbnail","6":"product_cat-banhos-romanos","7":"product_cat-degustacao","8":"product_cat-massagem-velas","10":"first","11":"instock","12":"virtual","13":"taxable","14":"purchasable","15":"product-type-simple"},"acf":[],"_links":{"self":[{"href":"https:\/\/inacquaveritas.com\/es\/wp-json\/wp\/v2\/product\/11823","targetHints":{"allow":["GET"]}}],"collection":[{"href":"https:\/\/inacquaveritas.com\/es\/wp-json\/wp\/v2\/product"}],"about":[{"href":"https:\/\/inacquaveritas.com\/es\/wp-json\/wp\/v2\/types\/product"}],"replies":[{"embeddable":true,"href":"https:\/\/inacquaveritas.com\/es\/wp-json\/wp\/v2\/comments?post=11823"}],"version-history":[{"count":4,"href":"https:\/\/inacquaveritas.com\/es\/wp-json\/wp\/v2\/product\/11823\/revisions"}],"predecessor-version":[{"id":13988,"href":"https:\/\/inacquaveritas.com\/es\/wp-json\/wp\/v2\/product\/11823\/revisions\/13988"}],"wp:featuredmedia":[{"embeddable":true,"href":"https:\/\/inacquaveritas.com\/es\/wp-json\/wp\/v2\/media\/11576"}],"wp:attachment":[{"href":"https:\/\/inacquaveritas.com\/es\/wp-json\/wp\/v2\/media?parent=11823"}],"wp:term":[{"taxonomy":"product_brand","embeddable":true,"href":"https:\/\/inacquaveritas.com\/es\/wp-json\/wp\/v2\/product_brand?post=11823"},{"taxonomy":"product_cat","embeddable":true,"href":"https:\/\/inacquaveritas.com\/es\/wp-json\/wp\/v2\/product_cat?post=11823"},{"taxonomy":"product_tag","embeddable":true,"href":"https:\/\/inacquaveritas.com\/es\/wp-json\/wp\/v2\/product_tag?post=11823"}],"curies":[{"name":"wp","href":"https:\/\/api.w.org\/{rel}","templated":true}]}}