{"id":11820,"date":"2025-03-05T16:49:02","date_gmt":"2025-03-05T16:49:02","guid":{"rendered":"https:\/\/inacquaveritas.com\/?post_type=product&#038;p=11820"},"modified":"2026-05-11T18:50:09","modified_gmt":"2026-05-11T17:50:09","slug":"cibelle-2","status":"publish","type":"product","link":"https:\/\/inacquaveritas.com\/es\/produto\/cibelle-2\/","title":{"rendered":"CIBELLE"},"content":{"rendered":"<p><strong>Incluye:<\/strong> ENTRADA AL SAL\u00d3N DE BA\u00d1O + EXFOLIACI\u00d3N Y BA\u00d1O DE ESPUMA CREMOSA EN UN DIV\u00c1N DE PIEDRA + MASAJE 45\u2032<\/p>\n<p>Descubra la esencia de <strong>belleza y relajaci\u00f3n<\/strong> con la experiencia <strong>Cibelle<\/strong>, que combina el acceso a nuestra <strong>sala de ba\u00f1os romanos<\/strong> con <strong>exfoliaci\u00f3n<\/strong>, <strong>ba\u00f1o de espuma en marquesina de piedra<\/strong> e <strong>masaje de 45 minutos<\/strong>. Este tratamiento fue cuidadosamente elaborado para <strong>renovar a Pel\u00e9<\/strong>, prevenir su envejecimiento y proporcionar una sensaci\u00f3n de bienestar completo.<\/p>\n<p>Inicie la experiencia en <strong>sal\u00f3n de ba\u00f1os<\/strong>, donde el <strong>circuito de piscinas a distintas temperaturas<\/strong> prepara el cuerpo para una inmersi\u00f3n profunda en la relajaci\u00f3n.<\/p>","protected":false},"excerpt":{"rendered":"<p><strong>Experiencia de spa en \u00c9vora con ba\u00f1os romanos, exfoliaci\u00f3n, ba\u00f1o de espuma en camilla de piedra y masaje de 45 minutos.<\/strong><\/p>\n<p>La experiencia <strong>Cibelle<\/strong> combina el acceso <strong>Circuito de las termas romanas<\/strong> con un ritual de belleza y relajaci\u00f3n dise\u00f1ado para renovar la piel, promover el bienestar y proporcionar una profunda sensaci\u00f3n de cuidado.<\/p>\n<p>Una experiencia exclusiva en <strong>In Acqua Veritas<\/strong>, ideal para ofrecer o disfrutar de un momento de relajaci\u00f3n y revitalizaci\u00f3n en el centro hist\u00f3rico de \u00c9vora.<\/p>","protected":false},"featured_media":11566,"comment_status":"closed","ping_status":"closed","template":"","meta":{"_acf_changed":false},"product_brand":[],"product_cat":[324],"product_tag":[],"class_list":{"0":"post-11820","1":"product","2":"type-product","3":"status-publish","4":"has-post-thumbnail","6":"product_cat-experiencias-para-reserva","8":"first","9":"instock","10":"virtual","11":"taxable","12":"purchasable","13":"product-type-simple"},"acf":[],"_links":{"self":[{"href":"https:\/\/inacquaveritas.com\/es\/wp-json\/wp\/v2\/product\/11820","targetHints":{"allow":["GET"]}}],"collection":[{"href":"https:\/\/inacquaveritas.com\/es\/wp-json\/wp\/v2\/product"}],"about":[{"href":"https:\/\/inacquaveritas.com\/es\/wp-json\/wp\/v2\/types\/product"}],"replies":[{"embeddable":true,"href":"https:\/\/inacquaveritas.com\/es\/wp-json\/wp\/v2\/comments?post=11820"}],"version-history":[{"count":3,"href":"https:\/\/inacquaveritas.com\/es\/wp-json\/wp\/v2\/product\/11820\/revisions"}],"predecessor-version":[{"id":13990,"href":"https:\/\/inacquaveritas.com\/es\/wp-json\/wp\/v2\/product\/11820\/revisions\/13990"}],"wp:featuredmedia":[{"embeddable":true,"href":"https:\/\/inacquaveritas.com\/es\/wp-json\/wp\/v2\/media\/11566"}],"wp:attachment":[{"href":"https:\/\/inacquaveritas.com\/es\/wp-json\/wp\/v2\/media?parent=11820"}],"wp:term":[{"taxonomy":"product_brand","embeddable":true,"href":"https:\/\/inacquaveritas.com\/es\/wp-json\/wp\/v2\/product_brand?post=11820"},{"taxonomy":"product_cat","embeddable":true,"href":"https:\/\/inacquaveritas.com\/es\/wp-json\/wp\/v2\/product_cat?post=11820"},{"taxonomy":"product_tag","embeddable":true,"href":"https:\/\/inacquaveritas.com\/es\/wp-json\/wp\/v2\/product_tag?post=11820"}],"curies":[{"name":"wp","href":"https:\/\/api.w.org\/{rel}","templated":true}]}}